{"id":3040,"date":"2024-01-18T01:29:11","date_gmt":"2024-01-18T01:29:11","guid":{"rendered":"https:\/\/motorhomechoice.com\/usa\/san-francisco\/"},"modified":"2024-10-22T02:30:33","modified_gmt":"2024-10-22T02:30:33","slug":"san-francisco","status":"publish","type":"page","link":"https:\/\/motorhomechoice.com\/de\/usa\/san-francisco\/","title":{"rendered":"San Francisco"},"content":{"rendered":"\n<div class=\"wp-block-group\"><div class=\"wp-block-group__inner-container is-layout-constrained wp-block-group-is-layout-constrained\">\n<h2 class=\"wp-block-heading\">Warum Motorhome Choice w\u00e4hlen?<\/h2>\n\n\n\n<div class=\"wp-block-motorhomechoice-benefits\">\n<div class=\"wp-block-motorhomechoice-benefit\"><div class=\"wp-block-motorhomechoice-benefit-left\"><div class=\"wp-block-motorhomechoice-benefit-icon\">\n<figure class=\"wp-block-image size-full\"><img loading=\"lazy\" decoding=\"async\" width=\"46\" height=\"44\" data-src=\"https:\/\/motorhomechoice.com\/wp-content\/uploads\/2022\/11\/icon-motorhome.png\" alt=\"\" class=\"wp-image-148 lazyload\" src=\"data:image\/gif;base64,R0lGODlhAQABAAAAACH5BAEKAAEALAAAAAABAAEAAAICTAEAOw==\" style=\"--smush-placeholder-width: 46px; --smush-placeholder-aspect-ratio: 46\/44;\" \/><noscript><img loading=\"lazy\" decoding=\"async\" width=\"46\" height=\"44\" src=\"https:\/\/motorhomechoice.com\/wp-content\/uploads\/2022\/11\/icon-motorhome.png\" alt=\"\" class=\"wp-image-148\"\/><\/noscript><\/figure>\n<\/div><\/div><div class=\"wp-block-motorhomechoice-benefit-right\"><div class=\"wp-block-motorhomechoice-benefit-title\">Eine der weltweit gr\u00f6\u00dften Auswahlen an Wohnmobilmarken<\/div><div class=\"wp-block-motorhomechoice-benefit-desc\">\u00dcberlassen Sie uns die m\u00fchsame Arbeit des Vergleichs der f\u00fchrenden Mietmarken, um f\u00fcr Sie die g\u00fcnstigsten Preise zu finden.<\/div><\/div><\/div>\n\n\n\n<div class=\"wp-block-motorhomechoice-benefit\"><div class=\"wp-block-motorhomechoice-benefit-left\"><div class=\"wp-block-motorhomechoice-benefit-icon\">\n<figure class=\"wp-block-image size-full\"><img loading=\"lazy\" decoding=\"async\" width=\"44\" height=\"44\" data-src=\"https:\/\/motorhomechoice.com\/wp-content\/uploads\/2022\/11\/icon-headphones.png\" alt=\"\" class=\"wp-image-160 lazyload\" src=\"data:image\/gif;base64,R0lGODlhAQABAAAAACH5BAEKAAEALAAAAAABAAEAAAICTAEAOw==\" style=\"--smush-placeholder-width: 44px; --smush-placeholder-aspect-ratio: 44\/44;\" \/><noscript><img loading=\"lazy\" decoding=\"async\" width=\"44\" height=\"44\" src=\"https:\/\/motorhomechoice.com\/wp-content\/uploads\/2022\/11\/icon-headphones.png\" alt=\"\" class=\"wp-image-160\"\/><\/noscript><\/figure>\n<\/div><\/div><div class=\"wp-block-motorhomechoice-benefit-right\"><div class=\"wp-block-motorhomechoice-benefit-title\">Wohnmobil-Vermietung: Support-Team rund um die Uhr erreichbar<\/div><div class=\"wp-block-motorhomechoice-benefit-desc\">Unser erfahrenes Wohnmobil-Vermietungsteam spricht mehrere Sprachen und steht Ihnen bei Buchungen oder Anfragen jederzeit zur Verf\u00fcgung.<\/div><\/div><\/div>\n\n\n\n<div class=\"wp-block-motorhomechoice-benefit\"><div class=\"wp-block-motorhomechoice-benefit-left\"><div class=\"wp-block-motorhomechoice-benefit-icon\">\n<figure class=\"wp-block-image size-full\"><img loading=\"lazy\" decoding=\"async\" width=\"44\" height=\"44\" data-src=\"https:\/\/motorhomechoice.com\/wp-content\/uploads\/2022\/11\/icon-shield.png\" alt=\"\" class=\"wp-image-199 lazyload\" src=\"data:image\/gif;base64,R0lGODlhAQABAAAAACH5BAEKAAEALAAAAAABAAEAAAICTAEAOw==\" style=\"--smush-placeholder-width: 44px; --smush-placeholder-aspect-ratio: 44\/44;\" \/><noscript><img loading=\"lazy\" decoding=\"async\" width=\"44\" height=\"44\" src=\"https:\/\/motorhomechoice.com\/wp-content\/uploads\/2022\/11\/icon-shield.png\" alt=\"\" class=\"wp-image-199\"\/><\/noscript><\/figure>\n<\/div><\/div><div class=\"wp-block-motorhomechoice-benefit-right\"><div class=\"wp-block-motorhomechoice-benefit-title\">Depot-Standorte weltweit<\/div><div class=\"wp-block-motorhomechoice-benefit-desc\">An allen gro\u00dfen Flugh\u00e4fen und Knotenpunkten weltweit f\u00fcr bequemen Zugang<\/div><\/div><\/div>\n\n\n\n<div class=\"wp-block-motorhomechoice-benefit\"><div class=\"wp-block-motorhomechoice-benefit-left\"><div class=\"wp-block-motorhomechoice-benefit-icon\">\n<figure class=\"wp-block-image size-full\"><img loading=\"lazy\" decoding=\"async\" width=\"44\" height=\"44\" data-src=\"https:\/\/motorhomechoice.com\/wp-content\/uploads\/2022\/11\/icon-money.png\" alt=\"\" class=\"wp-image-201 lazyload\" src=\"data:image\/gif;base64,R0lGODlhAQABAAAAACH5BAEKAAEALAAAAAABAAEAAAICTAEAOw==\" style=\"--smush-placeholder-width: 44px; --smush-placeholder-aspect-ratio: 44\/44;\" \/><noscript><img loading=\"lazy\" decoding=\"async\" width=\"44\" height=\"44\" src=\"https:\/\/motorhomechoice.com\/wp-content\/uploads\/2022\/11\/icon-money.png\" alt=\"\" class=\"wp-image-201\"\/><\/noscript><\/figure>\n<\/div><\/div><div class=\"wp-block-motorhomechoice-benefit-right\"><div class=\"wp-block-motorhomechoice-benefit-title\">Keine Buchungsgeb\u00fchren<\/div><div class=\"wp-block-motorhomechoice-benefit-desc\">Wenn Sie \u00fcber Motorhome Choice buchen, sparen Sie sich die Buchungsgeb\u00fchr und damit noch mehr Geld.<\/div><\/div><\/div>\n<\/div>\n<\/div><\/div>\n\n\n\n<div class=\"wp-block-group\"><div class=\"wp-block-group__inner-container is-layout-constrained wp-block-group-is-layout-constrained\">\n<h2 class=\"wp-block-heading\">Wohnmobilvermietung in den USA<\/h2>\n\n\n\n<div class=\"wp-block-group is-content-justification-space-between is-nowrap is-layout-flex wp-container-core-group-is-layout-2 wp-block-group-is-layout-flex\">\n<ul>\n<li><a href=\"https:\/\/motorhomechoice.com\/de\/usa\/\">USA<\/a><\/li>\n\n\n\n<li><a href=\"https:\/\/motorhomechoice.com\/usa\/chicago\/\">Chicago<\/a> (en)<\/li>\n\n\n\n<li><a href=\"https:\/\/motorhomechoice.com\/de\/usa\/denver\/\">Denver<\/a><\/li>\n<\/ul>\n\n\n\n<ul>\n<li><a href=\"https:\/\/motorhomechoice.com\/de\/usa\/las-vegas\/\">Las Vegas<\/a><\/li>\n\n\n\n<li><a href=\"https:\/\/motorhomechoice.com\/de\/usa\/los-angeles\/\">Los Angeles<\/a><\/li>\n\n\n\n<li><a href=\"https:\/\/motorhomechoice.com\/de\/usa\/miami\/\">Miami<\/a><\/li>\n<\/ul>\n\n\n\n<ul>\n<li><a href=\"https:\/\/motorhomechoice.com\/de\/usa\/new-york\/\">New York<\/a><\/li>\n\n\n\n<li><a href=\"https:\/\/motorhomechoice.com\/de\/usa\/orlando\/\">Orlando<\/a><\/li>\n\n\n\n<li><a href=\"https:\/\/motorhomechoice.com\/de\/usa\/seattle\/\">Seattle<\/a><\/li>\n<\/ul>\n<\/div>\n<\/div><\/div>\n\n\n\n<div class=\"wp-block-group\"><div class=\"wp-block-group__inner-container is-layout-constrained wp-block-group-is-layout-constrained\">\n<h2 class=\"wp-block-heading\">H\u00e4ufig gestellte Fragen<\/h2>\n\n\n\n<h3 class=\"wp-block-heading\">Wie viel kostet eine Wohnmobilmiete in San Francisco?<\/h3>\n\n\n\n<p>Eine Wohnmobilmiete in San Francisco kostet normalerweise zwischen 50 und 400 USD pro Tag.<\/p>\n\n\n\n<p>Die Preise variieren je nach Monat, Wohnmobilmodell und anderen Faktoren. Nutzen Sie unser Vergleichstool f\u00fcr genaue Preisangaben.<\/p>\n<\/div><\/div>\n","protected":false},"excerpt":{"rendered":"<p>Warum Motorhome Choice w\u00e4hlen? Wohnmobilvermietung in den USA H\u00e4ufig gestellte Fragen Wie viel kostet eine Wohnmobilmiete in San Francisco? Eine Wohnmobilmiete in San Francisco kostet normalerweise zwischen 50 und 400 USD pro Tag. Die Preise variieren je nach Monat, Wohnmobilmodell und anderen Faktoren. Nutzen Sie unser Vergleichstool f\u00fcr genaue Preisangaben.<\/p>\n","protected":false},"author":4,"featured_media":0,"parent":2974,"menu_order":0,"comment_status":"closed","ping_status":"closed","template":"","meta":{"_acf_changed":false,"footnotes":""},"acf":[],"_links":{"self":[{"href":"https:\/\/motorhomechoice.com\/de\/wp-json\/wp\/v2\/pages\/3040"}],"collection":[{"href":"https:\/\/motorhomechoice.com\/de\/wp-json\/wp\/v2\/pages"}],"about":[{"href":"https:\/\/motorhomechoice.com\/de\/wp-json\/wp\/v2\/types\/page"}],"author":[{"embeddable":true,"href":"https:\/\/motorhomechoice.com\/de\/wp-json\/wp\/v2\/users\/4"}],"replies":[{"embeddable":true,"href":"https:\/\/motorhomechoice.com\/de\/wp-json\/wp\/v2\/comments?post=3040"}],"version-history":[{"count":2,"href":"https:\/\/motorhomechoice.com\/de\/wp-json\/wp\/v2\/pages\/3040\/revisions"}],"predecessor-version":[{"id":4537,"href":"https:\/\/motorhomechoice.com\/de\/wp-json\/wp\/v2\/pages\/3040\/revisions\/4537"}],"up":[{"embeddable":true,"href":"https:\/\/motorhomechoice.com\/de\/wp-json\/wp\/v2\/pages\/2974"}],"wp:attachment":[{"href":"https:\/\/motorhomechoice.com\/de\/wp-json\/wp\/v2\/media?parent=3040"}],"curies":[{"name":"wp","href":"https:\/\/api.w.org\/{rel}","templated":true}]}}