{"id":3182,"date":"2023-01-06T04:25:06","date_gmt":"2023-01-06T04:25:06","guid":{"rendered":"https:\/\/motorhomechoice.com\/motorhome-choice\/"},"modified":"2024-06-16T22:19:01","modified_gmt":"2024-06-16T22:19:01","slug":"motorhome-choice","status":"publish","type":"page","link":"https:\/\/motorhomechoice.com\/de\/","title":{"rendered":"Motorhome Choice"},"content":{"rendered":"\n<div class=\"wp-block-group\"><div class=\"wp-block-group__inner-container is-layout-constrained wp-block-group-is-layout-constrained\">\n<h2 class=\"wp-block-heading\">Warum Motorhome Choice w\u00e4hlen?<\/h2>\n\n\n\n<div class=\"wp-block-motorhomechoice-benefits\">\n<div class=\"wp-block-motorhomechoice-benefit\"><div class=\"wp-block-motorhomechoice-benefit-left\"><div class=\"wp-block-motorhomechoice-benefit-icon\">\n<figure class=\"wp-block-image size-full\"><img loading=\"lazy\" decoding=\"async\" width=\"46\" height=\"44\" data-src=\"https:\/\/motorhomechoice.com\/wp-content\/uploads\/2022\/11\/icon-motorhome.png\" alt=\"\" class=\"wp-image-148 lazyload\" src=\"data:image\/gif;base64,R0lGODlhAQABAAAAACH5BAEKAAEALAAAAAABAAEAAAICTAEAOw==\" style=\"--smush-placeholder-width: 46px; --smush-placeholder-aspect-ratio: 46\/44;\" \/><noscript><img loading=\"lazy\" decoding=\"async\" width=\"46\" height=\"44\" src=\"https:\/\/motorhomechoice.com\/wp-content\/uploads\/2022\/11\/icon-motorhome.png\" alt=\"\" class=\"wp-image-148\"\/><\/noscript><\/figure>\n<\/div><\/div><div class=\"wp-block-motorhomechoice-benefit-right\"><div class=\"wp-block-motorhomechoice-benefit-title\">Eine der weltweit gr\u00f6\u00dften Auswahlen an Wohnmobilmarken<\/div><div class=\"wp-block-motorhomechoice-benefit-desc\">\u00dcberlassen Sie uns die m\u00fchsame Arbeit des Vergleichs der f\u00fchrenden Mietmarken, um f\u00fcr Sie die g\u00fcnstigsten Preise zu finden.<\/div><\/div><\/div>\n\n\n\n<div class=\"wp-block-motorhomechoice-benefit\"><div class=\"wp-block-motorhomechoice-benefit-left\"><div class=\"wp-block-motorhomechoice-benefit-icon\">\n<figure class=\"wp-block-image size-full\"><img loading=\"lazy\" decoding=\"async\" width=\"44\" height=\"44\" data-src=\"https:\/\/motorhomechoice.com\/wp-content\/uploads\/2022\/11\/icon-headphones.png\" alt=\"\" class=\"wp-image-160 lazyload\" src=\"data:image\/gif;base64,R0lGODlhAQABAAAAACH5BAEKAAEALAAAAAABAAEAAAICTAEAOw==\" style=\"--smush-placeholder-width: 44px; --smush-placeholder-aspect-ratio: 44\/44;\" \/><noscript><img loading=\"lazy\" decoding=\"async\" width=\"44\" height=\"44\" src=\"https:\/\/motorhomechoice.com\/wp-content\/uploads\/2022\/11\/icon-headphones.png\" alt=\"\" class=\"wp-image-160\"\/><\/noscript><\/figure>\n<\/div><\/div><div class=\"wp-block-motorhomechoice-benefit-right\"><div class=\"wp-block-motorhomechoice-benefit-title\">Wohnmobil-Vermietung: Support-Team rund um die Uhr erreichbar<\/div><div class=\"wp-block-motorhomechoice-benefit-desc\">Unser erfahrenes Wohnmobil-Vermietungsteam spricht mehrere Sprachen und steht Ihnen bei Buchungen oder Anfragen jederzeit zur Verf\u00fcgung.<\/div><\/div><\/div>\n\n\n\n<div class=\"wp-block-motorhomechoice-benefit\"><div class=\"wp-block-motorhomechoice-benefit-left\"><div class=\"wp-block-motorhomechoice-benefit-icon\">\n<figure class=\"wp-block-image size-full\"><img loading=\"lazy\" decoding=\"async\" width=\"44\" height=\"44\" data-src=\"https:\/\/motorhomechoice.com\/wp-content\/uploads\/2022\/11\/icon-shield.png\" alt=\"\" class=\"wp-image-199 lazyload\" src=\"data:image\/gif;base64,R0lGODlhAQABAAAAACH5BAEKAAEALAAAAAABAAEAAAICTAEAOw==\" style=\"--smush-placeholder-width: 44px; --smush-placeholder-aspect-ratio: 44\/44;\" \/><noscript><img loading=\"lazy\" decoding=\"async\" width=\"44\" height=\"44\" src=\"https:\/\/motorhomechoice.com\/wp-content\/uploads\/2022\/11\/icon-shield.png\" alt=\"\" class=\"wp-image-199\"\/><\/noscript><\/figure>\n<\/div><\/div><div class=\"wp-block-motorhomechoice-benefit-right\"><div class=\"wp-block-motorhomechoice-benefit-title\">Depot-Standorte weltweit<\/div><div class=\"wp-block-motorhomechoice-benefit-desc\">An allen gro\u00dfen Flugh\u00e4fen und Knotenpunkten weltweit f\u00fcr bequemen Zugang<\/div><\/div><\/div>\n\n\n\n<div class=\"wp-block-motorhomechoice-benefit\"><div class=\"wp-block-motorhomechoice-benefit-left\"><div class=\"wp-block-motorhomechoice-benefit-icon\">\n<figure class=\"wp-block-image size-full\"><img loading=\"lazy\" decoding=\"async\" width=\"44\" height=\"44\" data-src=\"https:\/\/motorhomechoice.com\/wp-content\/uploads\/2022\/11\/icon-money.png\" alt=\"\" class=\"wp-image-201 lazyload\" src=\"data:image\/gif;base64,R0lGODlhAQABAAAAACH5BAEKAAEALAAAAAABAAEAAAICTAEAOw==\" style=\"--smush-placeholder-width: 44px; --smush-placeholder-aspect-ratio: 44\/44;\" \/><noscript><img loading=\"lazy\" decoding=\"async\" width=\"44\" height=\"44\" src=\"https:\/\/motorhomechoice.com\/wp-content\/uploads\/2022\/11\/icon-money.png\" alt=\"\" class=\"wp-image-201\"\/><\/noscript><\/figure>\n<\/div><\/div><div class=\"wp-block-motorhomechoice-benefit-right\"><div class=\"wp-block-motorhomechoice-benefit-title\">Keine Buchungsgeb\u00fchren<\/div><div class=\"wp-block-motorhomechoice-benefit-desc\">Wenn Sie \u00fcber Motorhome Choice buchen, sparen Sie sich die Buchungsgeb\u00fchr und damit noch mehr Geld.<\/div><\/div><\/div>\n<\/div>\n\n\n\n<h2 class=\"wp-block-heading\">Vergleichen Sie Tausende von Wohnmobilvermietungen weltweit<\/h2>\n\n\n\n<p class=\"is-style-block\">Vergleichen Sie Wohnmobilvermietungen mit Motorhome Choice. Wir bieten Ihnen Zugang zu Hunderten von Campern f\u00fchrender Vermietungsfirmen, damit die Buchung schnell und einfach gelingt.<\/p>\n<\/div><\/div>\n","protected":false},"excerpt":{"rendered":"<p>Warum Motorhome Choice w\u00e4hlen? Vergleichen Sie Tausende von Wohnmobilvermietungen weltweit Vergleichen Sie Wohnmobilvermietungen mit Motorhome Choice. Wir bieten Ihnen Zugang zu Hunderten von Campern f\u00fchrender Vermietungsfirmen, damit die Buchung schnell und einfach gelingt.<\/p>\n","protected":false},"author":6,"featured_media":0,"parent":0,"menu_order":0,"comment_status":"closed","ping_status":"open","template":"","meta":{"_acf_changed":false,"footnotes":""},"acf":[],"_links":{"self":[{"href":"https:\/\/motorhomechoice.com\/de\/wp-json\/wp\/v2\/pages\/3182"}],"collection":[{"href":"https:\/\/motorhomechoice.com\/de\/wp-json\/wp\/v2\/pages"}],"about":[{"href":"https:\/\/motorhomechoice.com\/de\/wp-json\/wp\/v2\/types\/page"}],"author":[{"embeddable":true,"href":"https:\/\/motorhomechoice.com\/de\/wp-json\/wp\/v2\/users\/6"}],"replies":[{"embeddable":true,"href":"https:\/\/motorhomechoice.com\/de\/wp-json\/wp\/v2\/comments?post=3182"}],"version-history":[{"count":1,"href":"https:\/\/motorhomechoice.com\/de\/wp-json\/wp\/v2\/pages\/3182\/revisions"}],"predecessor-version":[{"id":3196,"href":"https:\/\/motorhomechoice.com\/de\/wp-json\/wp\/v2\/pages\/3182\/revisions\/3196"}],"wp:attachment":[{"href":"https:\/\/motorhomechoice.com\/de\/wp-json\/wp\/v2\/media?parent=3182"}],"curies":[{"name":"wp","href":"https:\/\/api.w.org\/{rel}","templated":true}]}}