{"id":2687,"date":"2024-01-15T10:02:19","date_gmt":"2024-01-15T10:02:19","guid":{"rendered":"https:\/\/motorhomechoice.com\/canada\/toronto\/"},"modified":"2024-10-21T03:37:59","modified_gmt":"2024-10-21T03:37:59","slug":"toronto","status":"publish","type":"page","link":"https:\/\/motorhomechoice.com\/es\/canada\/toronto\/","title":{"rendered":"Toronto"},"content":{"rendered":"\n<div class=\"wp-block-group\"><div class=\"wp-block-group__inner-container is-layout-constrained wp-block-group-is-layout-constrained\">\n<h2 class=\"wp-block-heading\">\u00bfPor qu\u00e9 elegir Motorhome Choice?<\/h2>\n\n\n\n<div class=\"wp-block-motorhomechoice-benefits\">\n<div class=\"wp-block-motorhomechoice-benefit\"><div class=\"wp-block-motorhomechoice-benefit-left\"><div class=\"wp-block-motorhomechoice-benefit-icon\">\n<figure class=\"wp-block-image size-full\"><img loading=\"lazy\" decoding=\"async\" width=\"46\" height=\"44\" data-src=\"https:\/\/motorhomechoice.com\/wp-content\/uploads\/2022\/11\/icon-motorhome.png\" alt=\"\" class=\"wp-image-148 lazyload\" src=\"data:image\/gif;base64,R0lGODlhAQABAAAAACH5BAEKAAEALAAAAAABAAEAAAICTAEAOw==\" style=\"--smush-placeholder-width: 46px; --smush-placeholder-aspect-ratio: 46\/44;\" \/><noscript><img loading=\"lazy\" decoding=\"async\" width=\"46\" height=\"44\" src=\"https:\/\/motorhomechoice.com\/wp-content\/uploads\/2022\/11\/icon-motorhome.png\" alt=\"\" class=\"wp-image-148\"\/><\/noscript><\/figure>\n<\/div><\/div><div class=\"wp-block-motorhomechoice-benefit-right\"><div class=\"wp-block-motorhomechoice-benefit-title\">Tenemos una de las mayores selecciones de autocaravanas del mundo<\/div><div class=\"wp-block-motorhomechoice-benefit-desc\">Deja que comparemos las principales empresas de alquiler y encontremos los precios m\u00e1s bajos por ti <\/div><\/div><\/div>\n\n\n\n<div class=\"wp-block-motorhomechoice-benefit\"><div class=\"wp-block-motorhomechoice-benefit-left\"><div class=\"wp-block-motorhomechoice-benefit-icon\">\n<figure class=\"wp-block-image size-full\"><img loading=\"lazy\" decoding=\"async\" width=\"44\" height=\"44\" data-src=\"https:\/\/motorhomechoice.com\/wp-content\/uploads\/2022\/11\/icon-headphones.png\" alt=\"\" class=\"wp-image-160 lazyload\" src=\"data:image\/gif;base64,R0lGODlhAQABAAAAACH5BAEKAAEALAAAAAABAAEAAAICTAEAOw==\" style=\"--smush-placeholder-width: 44px; --smush-placeholder-aspect-ratio: 44\/44;\" \/><noscript><img loading=\"lazy\" decoding=\"async\" width=\"44\" height=\"44\" src=\"https:\/\/motorhomechoice.com\/wp-content\/uploads\/2022\/11\/icon-headphones.png\" alt=\"\" class=\"wp-image-160\"\/><\/noscript><\/figure>\n<\/div><\/div><div class=\"wp-block-motorhomechoice-benefit-right\"><div class=\"wp-block-motorhomechoice-benefit-title\">Atenci\u00f3n al cliente las 24 horas del d\u00eda, los 7 d\u00edas de la semana<\/div><div class=\"wp-block-motorhomechoice-benefit-desc\">Nuestro equipo de expertos en alquiler de caravanas puede atenderte en varios idiomas y te ayudar\u00e1 con una reserva o cualquier consulta<\/div><\/div><\/div>\n\n\n\n<div class=\"wp-block-motorhomechoice-benefit\"><div class=\"wp-block-motorhomechoice-benefit-left\"><div class=\"wp-block-motorhomechoice-benefit-icon\">\n<figure class=\"wp-block-image size-full\"><img loading=\"lazy\" decoding=\"async\" width=\"44\" height=\"44\" data-src=\"https:\/\/motorhomechoice.com\/wp-content\/uploads\/2022\/11\/icon-shield.png\" alt=\"\" class=\"wp-image-199 lazyload\" src=\"data:image\/gif;base64,R0lGODlhAQABAAAAACH5BAEKAAEALAAAAAABAAEAAAICTAEAOw==\" style=\"--smush-placeholder-width: 44px; --smush-placeholder-aspect-ratio: 44\/44;\" \/><noscript><img loading=\"lazy\" decoding=\"async\" width=\"44\" height=\"44\" src=\"https:\/\/motorhomechoice.com\/wp-content\/uploads\/2022\/11\/icon-shield.png\" alt=\"\" class=\"wp-image-199\"\/><\/noscript><\/figure>\n<\/div><\/div><div class=\"wp-block-motorhomechoice-benefit-right\"><div class=\"wp-block-motorhomechoice-benefit-title\">Sucursales en todo el mundo<\/div><div class=\"wp-block-motorhomechoice-benefit-desc\">Facilitamos el acceso dando servicio en todos los principales aeropuertos y centros de transporte del mundo<\/div><\/div><\/div>\n\n\n\n<div class=\"wp-block-motorhomechoice-benefit\"><div class=\"wp-block-motorhomechoice-benefit-left\"><div class=\"wp-block-motorhomechoice-benefit-icon\">\n<figure class=\"wp-block-image size-full\"><img loading=\"lazy\" decoding=\"async\" width=\"44\" height=\"44\" data-src=\"https:\/\/motorhomechoice.com\/wp-content\/uploads\/2022\/11\/icon-money.png\" alt=\"\" class=\"wp-image-201 lazyload\" src=\"data:image\/gif;base64,R0lGODlhAQABAAAAACH5BAEKAAEALAAAAAABAAEAAAICTAEAOw==\" style=\"--smush-placeholder-width: 44px; --smush-placeholder-aspect-ratio: 44\/44;\" \/><noscript><img loading=\"lazy\" decoding=\"async\" width=\"44\" height=\"44\" src=\"https:\/\/motorhomechoice.com\/wp-content\/uploads\/2022\/11\/icon-money.png\" alt=\"\" class=\"wp-image-201\"\/><\/noscript><\/figure>\n<\/div><\/div><div class=\"wp-block-motorhomechoice-benefit-right\"><div class=\"wp-block-motorhomechoice-benefit-title\">Sin tarifas de reserva<\/div><div class=\"wp-block-motorhomechoice-benefit-desc\">Al reservar en Motorhome Choice te ahorras la tarifa del servicio de reserva, \u00a1lo que te permite ahorrar a\u00fan m\u00e1s!<\/div><\/div><\/div>\n<\/div>\n<\/div><\/div>\n\n\n\n<div class=\"wp-block-group\"><div class=\"wp-block-group__inner-container is-layout-constrained wp-block-group-is-layout-constrained\">\n<h2 class=\"wp-block-heading\"><strong>Alquiler de autocaravanas en Canad\u00e1<\/strong><\/h2>\n\n\n\n<div class=\"wp-block-group is-content-justification-space-between is-nowrap is-layout-flex wp-container-core-group-is-layout-2 wp-block-group-is-layout-flex\">\n<ul>\n<li><a href=\"https:\/\/motorhomechoice.com\/es\/canada\/\">Canad\u00e1<\/a><\/li>\n\n\n\n<li><a href=\"https:\/\/motorhomechoice.com\/es\/canada\/calgary\/\">Calgary<\/a><\/li>\n<\/ul>\n\n\n\n<ul>\n<li><a href=\"https:\/\/motorhomechoice.com\/canada\/edmonton\/\">Edmonton<\/a> (en)<\/li>\n\n\n\n<li><a href=\"https:\/\/motorhomechoice.com\/es\/canada\/montreal\/\">Montr\u00e9al<\/a><\/li>\n<\/ul>\n\n\n\n<ul>\n<li><a href=\"https:\/\/motorhomechoice.com\/es\/canada\/vancouver\/\">Vancouver<\/a><\/li>\n<\/ul>\n<\/div>\n<\/div><\/div>\n\n\n\n<div class=\"wp-block-group\"><div class=\"wp-block-group__inner-container is-layout-constrained wp-block-group-is-layout-constrained\">\n<h2 class=\"wp-block-heading\">Preguntas frecuentes<\/h2>\n\n\n\n<h3 class=\"wp-block-heading\">\u00bfCu\u00e1nto cuesta alquilar un RV en Canad\u00e1?<\/h3>\n\n\n\n<p>Aunque los precios pueden variar considerablemente, suele costar entre 200 CAD y 400 CAD por d\u00eda. Los siguientes factores pueden influir en las tarifas:<\/p>\n\n\n\n<ul>\n<li>Tama\u00f1o de la autocaravana<\/li>\n\n\n\n<li>Antig\u00fcedad del veh\u00edculo<\/li>\n\n\n\n<li>Caracter\u00edsticas<\/li>\n\n\n\n<li>\u00c9poca del a\u00f1o<\/li>\n<\/ul>\n\n\n\n<p>Algunas empresas tambi\u00e9n hacen descuentos por reserva anticipada u otras ofertas de temporada. Puedes comparar precios y promociones f\u00e1cilmente con nuestra herramienta de b\u00fasqueda.<\/p>\n\n\n\n<h3 class=\"wp-block-heading\">\u00bfLas autocaravanas en Canad\u00e1 tienen kil\u00f3metros ilimitados?<\/h3>\n\n\n\n<p>A diferencia de Australia y Nueva Zelanda, la mayor\u00eda de las empresas de alquiler de RV en Canad\u00e1 imponen l\u00edmites de kil\u00f3metros. Al susperar este l\u00edmite, se cobra una tarifa por kil\u00f3metro adicional. Sin embargo, tambi\u00e9n se pueden adquirir paquetes de kil\u00f3metros por adelantado.<\/p>\n\n\n\n<h3 class=\"wp-block-heading\">\u00bfEs posible alquilar solo para un trayecto de ida?<\/h3>\n\n\n\n<p>\u00a1S\u00ed! Algunas rutas populares de ida incluyen el recorrido transcontinental de Vancouver a Montreal, de Calgary a Vancouver y de Toronto a Montreal.<\/p>\n\n\n\n<p>Algunas empresas tambi\u00e9n permiten viajes de un trayecto entre Canad\u00e1 y Estados Unidos.<\/p>\n<\/div><\/div>\n","protected":false},"excerpt":{"rendered":"<p>\u00bfPor qu\u00e9 elegir Motorhome Choice? Alquiler de autocaravanas en Canad\u00e1 Preguntas frecuentes \u00bfCu\u00e1nto cuesta alquilar un RV en Canad\u00e1? Aunque los precios pueden variar considerablemente, suele costar entre 200 CAD y 400 CAD por d\u00eda. Los siguientes factores pueden influir en las tarifas: Algunas empresas tambi\u00e9n hacen descuentos por reserva anticipada u otras ofertas de [&hellip;]<\/p>\n","protected":false},"author":3,"featured_media":0,"parent":2678,"menu_order":0,"comment_status":"closed","ping_status":"closed","template":"","meta":{"_acf_changed":false,"footnotes":""},"acf":[],"_links":{"self":[{"href":"https:\/\/motorhomechoice.com\/es\/wp-json\/wp\/v2\/pages\/2687"}],"collection":[{"href":"https:\/\/motorhomechoice.com\/es\/wp-json\/wp\/v2\/pages"}],"about":[{"href":"https:\/\/motorhomechoice.com\/es\/wp-json\/wp\/v2\/types\/page"}],"author":[{"embeddable":true,"href":"https:\/\/motorhomechoice.com\/es\/wp-json\/wp\/v2\/users\/3"}],"replies":[{"embeddable":true,"href":"https:\/\/motorhomechoice.com\/es\/wp-json\/wp\/v2\/comments?post=2687"}],"version-history":[{"count":2,"href":"https:\/\/motorhomechoice.com\/es\/wp-json\/wp\/v2\/pages\/2687\/revisions"}],"predecessor-version":[{"id":4277,"href":"https:\/\/motorhomechoice.com\/es\/wp-json\/wp\/v2\/pages\/2687\/revisions\/4277"}],"up":[{"embeddable":true,"href":"https:\/\/motorhomechoice.com\/es\/wp-json\/wp\/v2\/pages\/2678"}],"wp:attachment":[{"href":"https:\/\/motorhomechoice.com\/es\/wp-json\/wp\/v2\/media?parent=2687"}],"curies":[{"name":"wp","href":"https:\/\/api.w.org\/{rel}","templated":true}]}}