{"id":2714,"date":"2024-01-18T00:52:24","date_gmt":"2024-01-18T00:52:24","guid":{"rendered":"https:\/\/motorhomechoice.com\/uk\/london\/"},"modified":"2024-10-22T00:13:31","modified_gmt":"2024-10-22T00:13:31","slug":"londres","status":"publish","type":"page","link":"https:\/\/motorhomechoice.com\/es\/reino-unido\/londres\/","title":{"rendered":"London"},"content":{"rendered":"\n<div class=\"wp-block-group\"><div class=\"wp-block-group__inner-container is-layout-constrained wp-block-group-is-layout-constrained\">\n<h2 class=\"wp-block-heading\">\u00bfPor qu\u00e9 elegir Motorhome Choice?<\/h2>\n\n\n\n<div class=\"wp-block-motorhomechoice-benefits\">\n<div class=\"wp-block-motorhomechoice-benefit\"><div class=\"wp-block-motorhomechoice-benefit-left\"><div class=\"wp-block-motorhomechoice-benefit-icon\">\n<figure class=\"wp-block-image size-full\"><img loading=\"lazy\" decoding=\"async\" width=\"46\" height=\"44\" data-src=\"https:\/\/motorhomechoice.com\/wp-content\/uploads\/2022\/11\/icon-motorhome.png\" alt=\"\" class=\"wp-image-148 lazyload\" src=\"data:image\/gif;base64,R0lGODlhAQABAAAAACH5BAEKAAEALAAAAAABAAEAAAICTAEAOw==\" style=\"--smush-placeholder-width: 46px; --smush-placeholder-aspect-ratio: 46\/44;\" \/><noscript><img loading=\"lazy\" decoding=\"async\" width=\"46\" height=\"44\" src=\"https:\/\/motorhomechoice.com\/wp-content\/uploads\/2022\/11\/icon-motorhome.png\" alt=\"\" class=\"wp-image-148\"\/><\/noscript><\/figure>\n<\/div><\/div><div class=\"wp-block-motorhomechoice-benefit-right\"><div class=\"wp-block-motorhomechoice-benefit-title\">Tenemos una de las mayores selecciones de autocaravanas del mundo<\/div><div class=\"wp-block-motorhomechoice-benefit-desc\">Deja que comparemos las principales empresas de alquiler y encontremos los precios m\u00e1s bajos por ti <\/div><\/div><\/div>\n\n\n\n<div class=\"wp-block-motorhomechoice-benefit\"><div class=\"wp-block-motorhomechoice-benefit-left\"><div class=\"wp-block-motorhomechoice-benefit-icon\">\n<figure class=\"wp-block-image size-full\"><img loading=\"lazy\" decoding=\"async\" width=\"44\" height=\"44\" data-src=\"https:\/\/motorhomechoice.com\/wp-content\/uploads\/2022\/11\/icon-headphones.png\" alt=\"\" class=\"wp-image-160 lazyload\" src=\"data:image\/gif;base64,R0lGODlhAQABAAAAACH5BAEKAAEALAAAAAABAAEAAAICTAEAOw==\" style=\"--smush-placeholder-width: 44px; --smush-placeholder-aspect-ratio: 44\/44;\" \/><noscript><img loading=\"lazy\" decoding=\"async\" width=\"44\" height=\"44\" src=\"https:\/\/motorhomechoice.com\/wp-content\/uploads\/2022\/11\/icon-headphones.png\" alt=\"\" class=\"wp-image-160\"\/><\/noscript><\/figure>\n<\/div><\/div><div class=\"wp-block-motorhomechoice-benefit-right\"><div class=\"wp-block-motorhomechoice-benefit-title\">Atenci\u00f3n al cliente las 24 horas del d\u00eda, los 7 d\u00edas de la semana<\/div><div class=\"wp-block-motorhomechoice-benefit-desc\">Nuestro equipo de expertos en alquiler de caravanas puede atenderte en varios idiomas y te ayudar\u00e1 con una reserva o cualquier consulta<\/div><\/div><\/div>\n\n\n\n<div class=\"wp-block-motorhomechoice-benefit\"><div class=\"wp-block-motorhomechoice-benefit-left\"><div class=\"wp-block-motorhomechoice-benefit-icon\">\n<figure class=\"wp-block-image size-full\"><img loading=\"lazy\" decoding=\"async\" width=\"44\" height=\"44\" data-src=\"https:\/\/motorhomechoice.com\/wp-content\/uploads\/2022\/11\/icon-shield.png\" alt=\"\" class=\"wp-image-199 lazyload\" src=\"data:image\/gif;base64,R0lGODlhAQABAAAAACH5BAEKAAEALAAAAAABAAEAAAICTAEAOw==\" style=\"--smush-placeholder-width: 44px; --smush-placeholder-aspect-ratio: 44\/44;\" \/><noscript><img loading=\"lazy\" decoding=\"async\" width=\"44\" height=\"44\" src=\"https:\/\/motorhomechoice.com\/wp-content\/uploads\/2022\/11\/icon-shield.png\" alt=\"\" class=\"wp-image-199\"\/><\/noscript><\/figure>\n<\/div><\/div><div class=\"wp-block-motorhomechoice-benefit-right\"><div class=\"wp-block-motorhomechoice-benefit-title\">Sucursales en todo el mundo<\/div><div class=\"wp-block-motorhomechoice-benefit-desc\">Facilitamos el acceso dando servicio en todos los principales aeropuertos y centros de transporte del mundo<\/div><\/div><\/div>\n\n\n\n<div class=\"wp-block-motorhomechoice-benefit\"><div class=\"wp-block-motorhomechoice-benefit-left\"><div class=\"wp-block-motorhomechoice-benefit-icon\">\n<figure class=\"wp-block-image size-full\"><img loading=\"lazy\" decoding=\"async\" width=\"44\" height=\"44\" data-src=\"https:\/\/motorhomechoice.com\/wp-content\/uploads\/2022\/11\/icon-money.png\" alt=\"\" class=\"wp-image-201 lazyload\" src=\"data:image\/gif;base64,R0lGODlhAQABAAAAACH5BAEKAAEALAAAAAABAAEAAAICTAEAOw==\" style=\"--smush-placeholder-width: 44px; --smush-placeholder-aspect-ratio: 44\/44;\" \/><noscript><img loading=\"lazy\" decoding=\"async\" width=\"44\" height=\"44\" src=\"https:\/\/motorhomechoice.com\/wp-content\/uploads\/2022\/11\/icon-money.png\" alt=\"\" class=\"wp-image-201\"\/><\/noscript><\/figure>\n<\/div><\/div><div class=\"wp-block-motorhomechoice-benefit-right\"><div class=\"wp-block-motorhomechoice-benefit-title\">Sin tarifas de reserva<\/div><div class=\"wp-block-motorhomechoice-benefit-desc\">Al reservar en Motorhome Choice te ahorras la tarifa del servicio de reserva, \u00a1lo que te permite ahorrar a\u00fan m\u00e1s!<\/div><\/div><\/div>\n<\/div>\n<\/div><\/div>\n\n\n\n<div class=\"wp-block-group\"><div class=\"wp-block-group__inner-container is-layout-constrained wp-block-group-is-layout-constrained\">\n<h2 class=\"wp-block-heading\">Alquiler de autocaravanas en el Reino Unido<\/h2>\n\n\n\n<div class=\"wp-block-group is-content-justification-space-between is-nowrap is-layout-flex wp-container-core-group-is-layout-2 wp-block-group-is-layout-flex\">\n<ul>\n<li><a href=\"https:\/\/motorhomechoice.com\/es\/uk\/\">Reino Unido<\/a><\/li>\n<\/ul>\n\n\n\n<ul>\n<li><a href=\"https:\/\/motorhomechoice.com\/es\/uk\/edinburgh\/\">Edimburgo<\/a><\/li>\n<\/ul>\n\n\n\n<ul>\n<li><a href=\"https:\/\/motorhomechoice.com\/es\/uk\/glasgow\/\">Glasgow<\/a><\/li>\n<\/ul>\n\n\n\n<ul>\n<li><a href=\"https:\/\/motorhomechoice.com\/es\/uk\/scotland\/\">Escocia<\/a><\/li>\n<\/ul>\n<\/div>\n<\/div><\/div>\n\n\n\n<div class=\"wp-block-group\"><div class=\"wp-block-group__inner-container is-layout-constrained wp-block-group-is-layout-constrained\">\n<h2 class=\"wp-block-heading\">Preguntas frecuentes<\/h2>\n\n\n\n<h3 class=\"wp-block-heading\">\u00bfCu\u00e1nto cuesta alquilar una c\u00e1mper en Londres?<\/h3>\n\n\n\n<p>El alquiler de una c\u00e1mper en Londres suele costar entre 50 \u00a3 y 300 \u00a3 por noche.<\/p>\n\n\n\n<p>Las tarifas diarias pueden variar seg\u00fan el mes, el tipo de veh\u00edculo y otros factores. Utiliza nuestro comparador para obtener m\u00e1s detalles.<\/p>\n<\/div><\/div>\n","protected":false},"excerpt":{"rendered":"<p>\u00bfPor qu\u00e9 elegir Motorhome Choice? Alquiler de autocaravanas en el Reino Unido Preguntas frecuentes \u00bfCu\u00e1nto cuesta alquilar una c\u00e1mper en Londres? El alquiler de una c\u00e1mper en Londres suele costar entre 50 \u00a3 y 300 \u00a3 por noche. Las tarifas diarias pueden variar seg\u00fan el mes, el tipo de veh\u00edculo y otros factores. Utiliza nuestro [&hellip;]<\/p>\n","protected":false},"author":4,"featured_media":0,"parent":2699,"menu_order":0,"comment_status":"closed","ping_status":"closed","template":"","meta":{"_acf_changed":false,"footnotes":""},"acf":[],"_links":{"self":[{"href":"https:\/\/motorhomechoice.com\/es\/wp-json\/wp\/v2\/pages\/2714"}],"collection":[{"href":"https:\/\/motorhomechoice.com\/es\/wp-json\/wp\/v2\/pages"}],"about":[{"href":"https:\/\/motorhomechoice.com\/es\/wp-json\/wp\/v2\/types\/page"}],"author":[{"embeddable":true,"href":"https:\/\/motorhomechoice.com\/es\/wp-json\/wp\/v2\/users\/4"}],"replies":[{"embeddable":true,"href":"https:\/\/motorhomechoice.com\/es\/wp-json\/wp\/v2\/comments?post=2714"}],"version-history":[{"count":2,"href":"https:\/\/motorhomechoice.com\/es\/wp-json\/wp\/v2\/pages\/2714\/revisions"}],"predecessor-version":[{"id":4445,"href":"https:\/\/motorhomechoice.com\/es\/wp-json\/wp\/v2\/pages\/2714\/revisions\/4445"}],"up":[{"embeddable":true,"href":"https:\/\/motorhomechoice.com\/es\/wp-json\/wp\/v2\/pages\/2699"}],"wp:attachment":[{"href":"https:\/\/motorhomechoice.com\/es\/wp-json\/wp\/v2\/media?parent=2714"}],"curies":[{"name":"wp","href":"https:\/\/api.w.org\/{rel}","templated":true}]}}