{"id":2430,"date":"2024-01-15T09:07:42","date_gmt":"2024-01-15T09:07:42","guid":{"rendered":"https:\/\/motorhomechoice.com\/canada\/"},"modified":"2024-10-21T03:11:09","modified_gmt":"2024-10-21T03:11:09","slug":"canada","status":"publish","type":"page","link":"https:\/\/motorhomechoice.com\/fr\/canada\/","title":{"rendered":"Canada"},"content":{"rendered":"\n<div class=\"wp-block-group\"><div class=\"wp-block-group__inner-container is-layout-constrained wp-block-group-is-layout-constrained\">\n<h2 class=\"wp-block-heading\">Pourquoi choisir Motorhome Choice ?<\/h2>\n\n\n\n<div class=\"wp-block-motorhomechoice-benefits\">\n<div class=\"wp-block-motorhomechoice-benefit\"><div class=\"wp-block-motorhomechoice-benefit-left\"><div class=\"wp-block-motorhomechoice-benefit-icon\">\n<figure class=\"wp-block-image size-full\"><img loading=\"lazy\" decoding=\"async\" width=\"46\" height=\"44\" data-src=\"https:\/\/motorhomechoice.com\/wp-content\/uploads\/2022\/11\/icon-motorhome.png\" alt=\"\" class=\"wp-image-148 lazyload\" src=\"data:image\/gif;base64,R0lGODlhAQABAAAAACH5BAEKAAEALAAAAAABAAEAAAICTAEAOw==\" style=\"--smush-placeholder-width: 46px; --smush-placeholder-aspect-ratio: 46\/44;\" \/><noscript><img loading=\"lazy\" decoding=\"async\" width=\"46\" height=\"44\" src=\"https:\/\/motorhomechoice.com\/wp-content\/uploads\/2022\/11\/icon-motorhome.png\" alt=\"\" class=\"wp-image-148\"\/><\/noscript><\/figure>\n<\/div><\/div><div class=\"wp-block-motorhomechoice-benefit-right\"><div class=\"wp-block-motorhomechoice-benefit-title\">L&rsquo;une des plus grandes s\u00e9lections de marques de camping-cars au monde  <\/div><div class=\"wp-block-motorhomechoice-benefit-desc\">Laissez-nous faire le travail difficile de comparer les principales marques de location pour vous trouver les prix les plus bas.<\/div><\/div><\/div>\n\n\n\n<div class=\"wp-block-motorhomechoice-benefit\"><div class=\"wp-block-motorhomechoice-benefit-left\"><div class=\"wp-block-motorhomechoice-benefit-icon\">\n<figure class=\"wp-block-image size-full\"><img loading=\"lazy\" decoding=\"async\" width=\"44\" height=\"44\" data-src=\"https:\/\/motorhomechoice.com\/wp-content\/uploads\/2022\/11\/icon-headphones.png\" alt=\"\" class=\"wp-image-160 lazyload\" src=\"data:image\/gif;base64,R0lGODlhAQABAAAAACH5BAEKAAEALAAAAAABAAEAAAICTAEAOw==\" style=\"--smush-placeholder-width: 44px; --smush-placeholder-aspect-ratio: 44\/44;\" \/><noscript><img loading=\"lazy\" decoding=\"async\" width=\"44\" height=\"44\" src=\"https:\/\/motorhomechoice.com\/wp-content\/uploads\/2022\/11\/icon-headphones.png\" alt=\"\" class=\"wp-image-160\"\/><\/noscript><\/figure>\n<\/div><\/div><div class=\"wp-block-motorhomechoice-benefit-right\"><div class=\"wp-block-motorhomechoice-benefit-title\">\u00c9quipe de support pour la location de camping-cars disponible 24h\/24 et 7j\/7  <\/div><div class=\"wp-block-motorhomechoice-benefit-desc\">Notre \u00e9quipe d&rsquo;experts en location de camping-cars parle plusieurs langues et peut vous aider avec une r\u00e9servation ou une demande d&rsquo;information<\/div><\/div><\/div>\n\n\n\n<div class=\"wp-block-motorhomechoice-benefit\"><div class=\"wp-block-motorhomechoice-benefit-left\"><div class=\"wp-block-motorhomechoice-benefit-icon\">\n<figure class=\"wp-block-image size-full\"><img loading=\"lazy\" decoding=\"async\" width=\"44\" height=\"44\" data-src=\"https:\/\/motorhomechoice.com\/wp-content\/uploads\/2022\/11\/icon-shield.png\" alt=\"\" class=\"wp-image-199 lazyload\" src=\"data:image\/gif;base64,R0lGODlhAQABAAAAACH5BAEKAAEALAAAAAABAAEAAAICTAEAOw==\" style=\"--smush-placeholder-width: 44px; --smush-placeholder-aspect-ratio: 44\/44;\" \/><noscript><img loading=\"lazy\" decoding=\"async\" width=\"44\" height=\"44\" src=\"https:\/\/motorhomechoice.com\/wp-content\/uploads\/2022\/11\/icon-shield.png\" alt=\"\" class=\"wp-image-199\"\/><\/noscript><\/figure>\n<\/div><\/div><div class=\"wp-block-motorhomechoice-benefit-right\"><div class=\"wp-block-motorhomechoice-benefit-title\">Emplacements des d\u00e9p\u00f4ts \u00e0 travers le monde<\/div><div class=\"wp-block-motorhomechoice-benefit-desc\">Nous desservons tous les principaux a\u00e9roports et hubs mondiaux pour un acc\u00e8s facile.<\/div><\/div><\/div>\n\n\n\n<div class=\"wp-block-motorhomechoice-benefit\"><div class=\"wp-block-motorhomechoice-benefit-left\"><div class=\"wp-block-motorhomechoice-benefit-icon\">\n<figure class=\"wp-block-image size-full\"><img loading=\"lazy\" decoding=\"async\" width=\"44\" height=\"44\" data-src=\"https:\/\/motorhomechoice.com\/wp-content\/uploads\/2022\/11\/icon-money.png\" alt=\"\" class=\"wp-image-201 lazyload\" src=\"data:image\/gif;base64,R0lGODlhAQABAAAAACH5BAEKAAEALAAAAAABAAEAAAICTAEAOw==\" style=\"--smush-placeholder-width: 44px; --smush-placeholder-aspect-ratio: 44\/44;\" \/><noscript><img loading=\"lazy\" decoding=\"async\" width=\"44\" height=\"44\" src=\"https:\/\/motorhomechoice.com\/wp-content\/uploads\/2022\/11\/icon-money.png\" alt=\"\" class=\"wp-image-201\"\/><\/noscript><\/figure>\n<\/div><\/div><div class=\"wp-block-motorhomechoice-benefit-right\"><div class=\"wp-block-motorhomechoice-benefit-title\">Pas de frais de r\u00e9servation<\/div><div class=\"wp-block-motorhomechoice-benefit-desc\">En r\u00e9servant avec Motorhome Choice, vous \u00e9vitez les frais de service, vous permettant ainsi d&rsquo;\u00e9conomiser encore plus.<\/div><\/div><\/div>\n<\/div>\n\n\n\n<p><\/p>\n<\/div><\/div>\n\n\n\n<div class=\"wp-block-group\"><div class=\"wp-block-group__inner-container is-layout-constrained wp-block-group-is-layout-constrained\">\n<h2 class=\"wp-block-heading\"><strong>Location de camping-cars en Canada<\/strong><\/h2>\n\n\n\n<div class=\"wp-block-group is-content-justification-space-between is-nowrap is-layout-flex wp-container-core-group-is-layout-2 wp-block-group-is-layout-flex\">\n<ul>\n<li><a href=\"https:\/\/motorhomechoice.com\/fr\/canada\/calgary\/\">Calgary<\/a><\/li>\n\n\n\n<li><a href=\"https:\/\/motorhomechoice.com\/canada\/edmonton\/\">Edmonton<\/a> (en)<\/li>\n<\/ul>\n\n\n\n<ul>\n<li><a href=\"https:\/\/motorhomechoice.com\/fr\/canada\/montreal\/\">Montr\u00e9al<\/a><\/li>\n\n\n\n<li><a href=\"https:\/\/motorhomechoice.com\/fr\/canada\/toronto\/\">Toronto<\/a><\/li>\n<\/ul>\n\n\n\n<ul>\n<li><a href=\"https:\/\/motorhomechoice.com\/fr\/canada\/vancouver\/\">Vancouver<\/a><\/li>\n<\/ul>\n<\/div>\n<\/div><\/div>\n\n\n\n<div class=\"wp-block-group\"><div class=\"wp-block-group__inner-container is-layout-constrained wp-block-group-is-layout-constrained\">\n<h2 class=\"wp-block-heading\">Questions Fr\u00e9quemment Pos\u00e9es<\/h2>\n\n\n\n<h3 class=\"wp-block-heading\">Combien co\u00fbte la location d&rsquo;un camping-car au Canada ?<\/h3>\n\n\n\n<p>Les prix peuvent varier consid\u00e9rablement, mais la plupart des voyageurs d\u00e9pensent entre 200 CAD et 400 CAD par jour. Plusieurs facteurs peuvent influencer les tarifs :<\/p>\n\n\n\n<ul>\n<li>Taille du camping-car<\/li>\n\n\n\n<li>\u00c2ge du v\u00e9hicule<\/li>\n\n\n\n<li>Caract\u00e9ristiques<\/li>\n\n\n\n<li>Saison<\/li>\n<\/ul>\n\n\n\n<p>Certaines marques proposent \u00e9galement des offres sp\u00e9ciales pour les r\u00e9servations anticip\u00e9es ou d&rsquo;autres promotions saisonni\u00e8res. Vous pouvez facilement comparer les prix et les offres avec notre outil de recherche.<\/p>\n\n\n\n<h3 class=\"wp-block-heading\">Les camping-cars canadiens sont-ils livr\u00e9s avec des kilom\u00e8tres illimit\u00e9s ?<\/h3>\n\n\n\n<p>Contrairement \u00e0 l&rsquo;Australie et \u00e0 la Nouvelle-Z\u00e9lande, la plupart des marques de location de camping-cars imposent des limites sur le kilom\u00e9trage, apr\u00e8s lesquelles des frais par kilom\u00e8tre suppl\u00e9mentaire sont appliqu\u00e9s. Il est \u00e9galement possible d&rsquo;acheter des forfaits de kilom\u00e8tres \u00e0 l&rsquo;avance.<\/p>\n\n\n\n<h3 class=\"wp-block-heading\">Est-il possible de louer en aller simple ?<\/h3>\n\n\n\n<p>Oui ! Oui ! Les itin\u00e9raires populaires en aller simple incluent des travers\u00e9es du pays de Vancouver \u00e0 Montr\u00e9al, de Calgary \u00e0 Vancouver et de Toronto \u00e0 Montr\u00e9al.<\/p>\n\n\n\n<p>Certaines compagnies permettent \u00e9galement des voyages en aller simple entre le Canada et les \u00c9tats-Unis.<\/p>\n\n\n\n<p><\/p>\n<\/div><\/div>\n","protected":false},"excerpt":{"rendered":"<p>Pourquoi choisir Motorhome Choice ? Location de camping-cars en Canada Questions Fr\u00e9quemment Pos\u00e9es Combien co\u00fbte la location d&rsquo;un camping-car au Canada ? Les prix peuvent varier consid\u00e9rablement, mais la plupart des voyageurs d\u00e9pensent entre 200 CAD et 400 CAD par jour. Plusieurs facteurs peuvent influencer les tarifs : Certaines marques proposent \u00e9galement des offres sp\u00e9ciales [&hellip;]<\/p>\n","protected":false},"author":3,"featured_media":0,"parent":0,"menu_order":0,"comment_status":"closed","ping_status":"closed","template":"","meta":{"_acf_changed":false,"footnotes":""},"acf":[],"_links":{"self":[{"href":"https:\/\/motorhomechoice.com\/fr\/wp-json\/wp\/v2\/pages\/2430"}],"collection":[{"href":"https:\/\/motorhomechoice.com\/fr\/wp-json\/wp\/v2\/pages"}],"about":[{"href":"https:\/\/motorhomechoice.com\/fr\/wp-json\/wp\/v2\/types\/page"}],"author":[{"embeddable":true,"href":"https:\/\/motorhomechoice.com\/fr\/wp-json\/wp\/v2\/users\/3"}],"replies":[{"embeddable":true,"href":"https:\/\/motorhomechoice.com\/fr\/wp-json\/wp\/v2\/comments?post=2430"}],"version-history":[{"count":7,"href":"https:\/\/motorhomechoice.com\/fr\/wp-json\/wp\/v2\/pages\/2430\/revisions"}],"predecessor-version":[{"id":4255,"href":"https:\/\/motorhomechoice.com\/fr\/wp-json\/wp\/v2\/pages\/2430\/revisions\/4255"}],"wp:attachment":[{"href":"https:\/\/motorhomechoice.com\/fr\/wp-json\/wp\/v2\/media?parent=2430"}],"curies":[{"name":"wp","href":"https:\/\/api.w.org\/{rel}","templated":true}]}}