{"id":3022,"date":"2024-01-18T01:28:52","date_gmt":"2024-01-18T01:28:52","guid":{"rendered":"https:\/\/motorhomechoice.com\/usa\/orlando\/"},"modified":"2024-10-22T02:25:24","modified_gmt":"2024-10-22T02:25:24","slug":"orlando","status":"publish","type":"page","link":"https:\/\/motorhomechoice.com\/fr\/usa\/orlando\/","title":{"rendered":"Orlando"},"content":{"rendered":"\n<div class=\"wp-block-group\"><div class=\"wp-block-group__inner-container is-layout-constrained wp-block-group-is-layout-constrained\">\n<h2 class=\"wp-block-heading\">Pourquoi choisir Motorhome Choice ?<\/h2>\n\n\n\n<div class=\"wp-block-motorhomechoice-benefits\">\n<div class=\"wp-block-motorhomechoice-benefit\"><div class=\"wp-block-motorhomechoice-benefit-left\"><div class=\"wp-block-motorhomechoice-benefit-icon\">\n<figure class=\"wp-block-image size-full\"><img loading=\"lazy\" decoding=\"async\" width=\"46\" height=\"44\" data-src=\"https:\/\/motorhomechoice.com\/wp-content\/uploads\/2022\/11\/icon-motorhome.png\" alt=\"\" class=\"wp-image-148 lazyload\" src=\"data:image\/gif;base64,R0lGODlhAQABAAAAACH5BAEKAAEALAAAAAABAAEAAAICTAEAOw==\" style=\"--smush-placeholder-width: 46px; --smush-placeholder-aspect-ratio: 46\/44;\" \/><noscript><img loading=\"lazy\" decoding=\"async\" width=\"46\" height=\"44\" src=\"https:\/\/motorhomechoice.com\/wp-content\/uploads\/2022\/11\/icon-motorhome.png\" alt=\"\" class=\"wp-image-148\"\/><\/noscript><\/figure>\n<\/div><\/div><div class=\"wp-block-motorhomechoice-benefit-right\"><div class=\"wp-block-motorhomechoice-benefit-title\">L&rsquo;une des plus grandes s\u00e9lections de marques de camping-cars au monde  <\/div><div class=\"wp-block-motorhomechoice-benefit-desc\">Laissez-nous faire le travail difficile de comparer les principales marques de location pour vous trouver les prix les plus bas.<\/div><\/div><\/div>\n\n\n\n<div class=\"wp-block-motorhomechoice-benefit\"><div class=\"wp-block-motorhomechoice-benefit-left\"><div class=\"wp-block-motorhomechoice-benefit-icon\">\n<figure class=\"wp-block-image size-full\"><img loading=\"lazy\" decoding=\"async\" width=\"44\" height=\"44\" data-src=\"https:\/\/motorhomechoice.com\/wp-content\/uploads\/2022\/11\/icon-headphones.png\" alt=\"\" class=\"wp-image-160 lazyload\" src=\"data:image\/gif;base64,R0lGODlhAQABAAAAACH5BAEKAAEALAAAAAABAAEAAAICTAEAOw==\" style=\"--smush-placeholder-width: 44px; --smush-placeholder-aspect-ratio: 44\/44;\" \/><noscript><img loading=\"lazy\" decoding=\"async\" width=\"44\" height=\"44\" src=\"https:\/\/motorhomechoice.com\/wp-content\/uploads\/2022\/11\/icon-headphones.png\" alt=\"\" class=\"wp-image-160\"\/><\/noscript><\/figure>\n<\/div><\/div><div class=\"wp-block-motorhomechoice-benefit-right\"><div class=\"wp-block-motorhomechoice-benefit-title\">\u00c9quipe de support pour la location de camping-cars disponible 24h\/24 et 7j\/7  <\/div><div class=\"wp-block-motorhomechoice-benefit-desc\">Notre \u00e9quipe d&rsquo;experts en location de camping-cars parle plusieurs langues et peut vous aider avec une r\u00e9servation ou une demande d&rsquo;information<\/div><\/div><\/div>\n\n\n\n<div class=\"wp-block-motorhomechoice-benefit\"><div class=\"wp-block-motorhomechoice-benefit-left\"><div class=\"wp-block-motorhomechoice-benefit-icon\">\n<figure class=\"wp-block-image size-full\"><img loading=\"lazy\" decoding=\"async\" width=\"44\" height=\"44\" data-src=\"https:\/\/motorhomechoice.com\/wp-content\/uploads\/2022\/11\/icon-shield.png\" alt=\"\" class=\"wp-image-199 lazyload\" src=\"data:image\/gif;base64,R0lGODlhAQABAAAAACH5BAEKAAEALAAAAAABAAEAAAICTAEAOw==\" style=\"--smush-placeholder-width: 44px; --smush-placeholder-aspect-ratio: 44\/44;\" \/><noscript><img loading=\"lazy\" decoding=\"async\" width=\"44\" height=\"44\" src=\"https:\/\/motorhomechoice.com\/wp-content\/uploads\/2022\/11\/icon-shield.png\" alt=\"\" class=\"wp-image-199\"\/><\/noscript><\/figure>\n<\/div><\/div><div class=\"wp-block-motorhomechoice-benefit-right\"><div class=\"wp-block-motorhomechoice-benefit-title\">Emplacements des d\u00e9p\u00f4ts \u00e0 travers le monde<\/div><div class=\"wp-block-motorhomechoice-benefit-desc\">Nous desservons tous les principaux a\u00e9roports et hubs mondiaux pour un acc\u00e8s facile.<\/div><\/div><\/div>\n\n\n\n<div class=\"wp-block-motorhomechoice-benefit\"><div class=\"wp-block-motorhomechoice-benefit-left\"><div class=\"wp-block-motorhomechoice-benefit-icon\">\n<figure class=\"wp-block-image size-full\"><img loading=\"lazy\" decoding=\"async\" width=\"44\" height=\"44\" data-src=\"https:\/\/motorhomechoice.com\/wp-content\/uploads\/2022\/11\/icon-money.png\" alt=\"\" class=\"wp-image-201 lazyload\" src=\"data:image\/gif;base64,R0lGODlhAQABAAAAACH5BAEKAAEALAAAAAABAAEAAAICTAEAOw==\" style=\"--smush-placeholder-width: 44px; --smush-placeholder-aspect-ratio: 44\/44;\" \/><noscript><img loading=\"lazy\" decoding=\"async\" width=\"44\" height=\"44\" src=\"https:\/\/motorhomechoice.com\/wp-content\/uploads\/2022\/11\/icon-money.png\" alt=\"\" class=\"wp-image-201\"\/><\/noscript><\/figure>\n<\/div><\/div><div class=\"wp-block-motorhomechoice-benefit-right\"><div class=\"wp-block-motorhomechoice-benefit-title\">Pas de frais de r\u00e9servation<\/div><div class=\"wp-block-motorhomechoice-benefit-desc\">En r\u00e9servant avec Motorhome Choice, vous \u00e9vitez les frais de service, vous permettant ainsi d&rsquo;\u00e9conomiser encore plus.<\/div><\/div><\/div>\n<\/div>\n\n\n\n<p><\/p>\n<\/div><\/div>\n\n\n\n<div class=\"wp-block-group\"><div class=\"wp-block-group__inner-container is-layout-constrained wp-block-group-is-layout-constrained\">\n<h2 class=\"wp-block-heading\">Location de camping-car aux USA<\/h2>\n\n\n\n<div class=\"wp-block-group is-content-justification-space-between is-nowrap is-layout-flex wp-container-core-group-is-layout-2 wp-block-group-is-layout-flex\">\n<ul>\n<li><a href=\"https:\/\/motorhomechoice.com\/fr\/usa\/\">USA<\/a><\/li>\n\n\n\n<li><a href=\"https:\/\/motorhomechoice.com\/usa\/chicago\/\">Chicago<\/a> (en)<\/li>\n\n\n\n<li><a href=\"https:\/\/motorhomechoice.com\/fr\/usa\/denver\/\">Denver<\/a><\/li>\n<\/ul>\n\n\n\n<ul>\n<li><a href=\"https:\/\/motorhomechoice.com\/fr\/usa\/las-vegas\/\">Las Vegas<\/a><\/li>\n\n\n\n<li><a href=\"https:\/\/motorhomechoice.com\/fr\/usa\/los-angeles\/\">Los Angeles<\/a><\/li>\n\n\n\n<li><a href=\"https:\/\/motorhomechoice.com\/fr\/usa\/miami\/\">Miami<\/a><\/li>\n<\/ul>\n\n\n\n<ul>\n<li><a href=\"https:\/\/motorhomechoice.com\/fr\/usa\/new-york\/\">New York<\/a><\/li>\n\n\n\n<li><a href=\"https:\/\/motorhomechoice.com\/fr\/usa\/san-francisco\/\">San Francisco<\/a><\/li>\n\n\n\n<li><a href=\"https:\/\/motorhomechoice.com\/fr\/usa\/seattle\/\">Seattle<\/a><\/li>\n<\/ul>\n<\/div>\n<\/div><\/div>\n\n\n\n<div class=\"wp-block-group\"><div class=\"wp-block-group__inner-container is-layout-constrained wp-block-group-is-layout-constrained\">\n<h2 class=\"wp-block-heading\">Questions Fr\u00e9quemment Pos\u00e9es<\/h2>\n\n\n\n<h3 class=\"wp-block-heading\">Combien co\u00fbte la location d&rsquo;un camping-car \u00e0 Orlando ?<\/h3>\n\n\n\n<p>La location d&rsquo;un camping-car \u00e0 Orlando co\u00fbte g\u00e9n\u00e9ralement entre 50 USD et 300 USD par jour.<\/p>\n\n\n\n<p>Les tarifs journaliers varient selon la demande, le type de v\u00e9hicule et d&rsquo;autres facteurs. Consultez l&rsquo;outil de comparaison Motorhome Choice pour obtenir les tarifs sp\u00e9cifiques.<\/p>\n<\/div><\/div>\n","protected":false},"excerpt":{"rendered":"<p>Pourquoi choisir Motorhome Choice ? Location de camping-car aux USA Questions Fr\u00e9quemment Pos\u00e9es Combien co\u00fbte la location d&rsquo;un camping-car \u00e0 Orlando ? La location d&rsquo;un camping-car \u00e0 Orlando co\u00fbte g\u00e9n\u00e9ralement entre 50 USD et 300 USD par jour. Les tarifs journaliers varient selon la demande, le type de v\u00e9hicule et d&rsquo;autres facteurs. Consultez l&rsquo;outil de [&hellip;]<\/p>\n","protected":false},"author":4,"featured_media":0,"parent":2957,"menu_order":0,"comment_status":"closed","ping_status":"closed","template":"","meta":{"_acf_changed":false,"footnotes":""},"acf":[],"_links":{"self":[{"href":"https:\/\/motorhomechoice.com\/fr\/wp-json\/wp\/v2\/pages\/3022"}],"collection":[{"href":"https:\/\/motorhomechoice.com\/fr\/wp-json\/wp\/v2\/pages"}],"about":[{"href":"https:\/\/motorhomechoice.com\/fr\/wp-json\/wp\/v2\/types\/page"}],"author":[{"embeddable":true,"href":"https:\/\/motorhomechoice.com\/fr\/wp-json\/wp\/v2\/users\/4"}],"replies":[{"embeddable":true,"href":"https:\/\/motorhomechoice.com\/fr\/wp-json\/wp\/v2\/comments?post=3022"}],"version-history":[{"count":2,"href":"https:\/\/motorhomechoice.com\/fr\/wp-json\/wp\/v2\/pages\/3022\/revisions"}],"predecessor-version":[{"id":4521,"href":"https:\/\/motorhomechoice.com\/fr\/wp-json\/wp\/v2\/pages\/3022\/revisions\/4521"}],"up":[{"embeddable":true,"href":"https:\/\/motorhomechoice.com\/fr\/wp-json\/wp\/v2\/pages\/2957"}],"wp:attachment":[{"href":"https:\/\/motorhomechoice.com\/fr\/wp-json\/wp\/v2\/media?parent=3022"}],"curies":[{"name":"wp","href":"https:\/\/api.w.org\/{rel}","templated":true}]}}