{"id":3098,"date":"2024-01-18T00:18:03","date_gmt":"2024-01-18T00:18:03","guid":{"rendered":"https:\/\/motorhomechoice.com\/uk\/glasgow\/"},"modified":"2024-10-21T23:49:43","modified_gmt":"2024-10-21T23:49:43","slug":"glasgow","status":"publish","type":"page","link":"https:\/\/motorhomechoice.com\/fr\/royaume-uni\/glasgow\/","title":{"rendered":"Glasgow"},"content":{"rendered":"\n<div class=\"wp-block-group\"><div class=\"wp-block-group__inner-container is-layout-constrained wp-block-group-is-layout-constrained\">\n<h2 class=\"wp-block-heading\">Pourquoi choisir Motorhome Choice ?<\/h2>\n\n\n\n<div class=\"wp-block-motorhomechoice-benefits\">\n<div class=\"wp-block-motorhomechoice-benefit\"><div class=\"wp-block-motorhomechoice-benefit-left\"><div class=\"wp-block-motorhomechoice-benefit-icon\">\n<figure class=\"wp-block-image size-full\"><img loading=\"lazy\" decoding=\"async\" width=\"46\" height=\"44\" data-src=\"https:\/\/motorhomechoice.com\/wp-content\/uploads\/2022\/11\/icon-motorhome.png\" alt=\"\" class=\"wp-image-148 lazyload\" src=\"data:image\/gif;base64,R0lGODlhAQABAAAAACH5BAEKAAEALAAAAAABAAEAAAICTAEAOw==\" style=\"--smush-placeholder-width: 46px; --smush-placeholder-aspect-ratio: 46\/44;\" \/><noscript><img loading=\"lazy\" decoding=\"async\" width=\"46\" height=\"44\" src=\"https:\/\/motorhomechoice.com\/wp-content\/uploads\/2022\/11\/icon-motorhome.png\" alt=\"\" class=\"wp-image-148\"\/><\/noscript><\/figure>\n<\/div><\/div><div class=\"wp-block-motorhomechoice-benefit-right\"><div class=\"wp-block-motorhomechoice-benefit-title\">L&rsquo;une des plus grandes s\u00e9lections de marques de camping-cars au monde  <\/div><div class=\"wp-block-motorhomechoice-benefit-desc\">Laissez-nous faire le travail difficile de comparer les principales marques de location pour vous trouver les prix les plus bas.<\/div><\/div><\/div>\n\n\n\n<div class=\"wp-block-motorhomechoice-benefit\"><div class=\"wp-block-motorhomechoice-benefit-left\"><div class=\"wp-block-motorhomechoice-benefit-icon\">\n<figure class=\"wp-block-image size-full\"><img loading=\"lazy\" decoding=\"async\" width=\"44\" height=\"44\" data-src=\"https:\/\/motorhomechoice.com\/wp-content\/uploads\/2022\/11\/icon-headphones.png\" alt=\"\" class=\"wp-image-160 lazyload\" src=\"data:image\/gif;base64,R0lGODlhAQABAAAAACH5BAEKAAEALAAAAAABAAEAAAICTAEAOw==\" style=\"--smush-placeholder-width: 44px; --smush-placeholder-aspect-ratio: 44\/44;\" \/><noscript><img loading=\"lazy\" decoding=\"async\" width=\"44\" height=\"44\" src=\"https:\/\/motorhomechoice.com\/wp-content\/uploads\/2022\/11\/icon-headphones.png\" alt=\"\" class=\"wp-image-160\"\/><\/noscript><\/figure>\n<\/div><\/div><div class=\"wp-block-motorhomechoice-benefit-right\"><div class=\"wp-block-motorhomechoice-benefit-title\">\u00c9quipe de support pour la location de camping-cars disponible 24h\/24 et 7j\/7  <\/div><div class=\"wp-block-motorhomechoice-benefit-desc\">Notre \u00e9quipe d&rsquo;experts en location de camping-cars parle plusieurs langues et peut vous aider avec une r\u00e9servation ou une demande d&rsquo;information<\/div><\/div><\/div>\n\n\n\n<div class=\"wp-block-motorhomechoice-benefit\"><div class=\"wp-block-motorhomechoice-benefit-left\"><div class=\"wp-block-motorhomechoice-benefit-icon\">\n<figure class=\"wp-block-image size-full\"><img loading=\"lazy\" decoding=\"async\" width=\"44\" height=\"44\" data-src=\"https:\/\/motorhomechoice.com\/wp-content\/uploads\/2022\/11\/icon-shield.png\" alt=\"\" class=\"wp-image-199 lazyload\" src=\"data:image\/gif;base64,R0lGODlhAQABAAAAACH5BAEKAAEALAAAAAABAAEAAAICTAEAOw==\" style=\"--smush-placeholder-width: 44px; --smush-placeholder-aspect-ratio: 44\/44;\" \/><noscript><img loading=\"lazy\" decoding=\"async\" width=\"44\" height=\"44\" src=\"https:\/\/motorhomechoice.com\/wp-content\/uploads\/2022\/11\/icon-shield.png\" alt=\"\" class=\"wp-image-199\"\/><\/noscript><\/figure>\n<\/div><\/div><div class=\"wp-block-motorhomechoice-benefit-right\"><div class=\"wp-block-motorhomechoice-benefit-title\">Emplacements des d\u00e9p\u00f4ts \u00e0 travers le monde<\/div><div class=\"wp-block-motorhomechoice-benefit-desc\">Nous desservons tous les principaux a\u00e9roports et hubs mondiaux pour un acc\u00e8s facile.<\/div><\/div><\/div>\n\n\n\n<div class=\"wp-block-motorhomechoice-benefit\"><div class=\"wp-block-motorhomechoice-benefit-left\"><div class=\"wp-block-motorhomechoice-benefit-icon\">\n<figure class=\"wp-block-image size-full\"><img loading=\"lazy\" decoding=\"async\" width=\"44\" height=\"44\" data-src=\"https:\/\/motorhomechoice.com\/wp-content\/uploads\/2022\/11\/icon-money.png\" alt=\"\" class=\"wp-image-201 lazyload\" src=\"data:image\/gif;base64,R0lGODlhAQABAAAAACH5BAEKAAEALAAAAAABAAEAAAICTAEAOw==\" style=\"--smush-placeholder-width: 44px; --smush-placeholder-aspect-ratio: 44\/44;\" \/><noscript><img loading=\"lazy\" decoding=\"async\" width=\"44\" height=\"44\" src=\"https:\/\/motorhomechoice.com\/wp-content\/uploads\/2022\/11\/icon-money.png\" alt=\"\" class=\"wp-image-201\"\/><\/noscript><\/figure>\n<\/div><\/div><div class=\"wp-block-motorhomechoice-benefit-right\"><div class=\"wp-block-motorhomechoice-benefit-title\">Pas de frais de r\u00e9servation<\/div><div class=\"wp-block-motorhomechoice-benefit-desc\">En r\u00e9servant avec Motorhome Choice, vous \u00e9vitez les frais de service, vous permettant ainsi d&rsquo;\u00e9conomiser encore plus.<\/div><\/div><\/div>\n<\/div>\n\n\n\n<p><\/p>\n<\/div><\/div>\n\n\n\n<div class=\"wp-block-group\"><div class=\"wp-block-group__inner-container is-layout-constrained wp-block-group-is-layout-constrained\">\n<h2 class=\"wp-block-heading\">Location de camping-car au Royaume-Uni<\/h2>\n\n\n\n<div class=\"wp-block-group is-content-justification-space-between is-nowrap is-layout-flex wp-container-core-group-is-layout-2 wp-block-group-is-layout-flex\">\n<ul>\n<li><a href=\"https:\/\/motorhomechoice.com\/fr\/uk\/\">Royaume-Uni<\/a><\/li>\n<\/ul>\n\n\n\n<ul>\n<li><a href=\"https:\/\/motorhomechoice.com\/fr\/uk\/edinburgh\/\">\u00c9dimbourg<\/a><\/li>\n<\/ul>\n\n\n\n<ul>\n<li><a href=\"https:\/\/motorhomechoice.com\/fr\/uk\/london\/\">Londres<\/a><\/li>\n<\/ul>\n\n\n\n<ul>\n<li><a href=\"https:\/\/motorhomechoice.com\/fr\/uk\/scotland\/\">\u00c9cosse<\/a><\/li>\n<\/ul>\n<\/div>\n<\/div><\/div>\n\n\n\n<div class=\"wp-block-group\"><div class=\"wp-block-group__inner-container is-layout-constrained wp-block-group-is-layout-constrained\">\n<h2 class=\"wp-block-heading\">Questions Fr\u00e9quemment Pos\u00e9es<\/h2>\n\n\n\n<h3 class=\"wp-block-heading\">Combien co\u00fbte la location d&rsquo;un camping-car \u00e0 Glasgow ?<\/h3>\n\n\n\n<p>Louer un camping-car \u00e0 Glasgow co\u00fbte g\u00e9n\u00e9ralement entre 100 \u00a3 et 200 \u00a3 par jour.<\/p>\n\n\n\n<p>Les prix varient selon le mois, le mod\u00e8le de camping-car et d&rsquo;autres facteurs. Consultez l&rsquo;outil de comparaison Motorhome Choice pour des tarifs sp\u00e9cifiques.<\/p>\n<\/div><\/div>\n","protected":false},"excerpt":{"rendered":"<p>Pourquoi choisir Motorhome Choice ? Location de camping-car au Royaume-Uni Questions Fr\u00e9quemment Pos\u00e9es Combien co\u00fbte la location d&rsquo;un camping-car \u00e0 Glasgow ? Louer un camping-car \u00e0 Glasgow co\u00fbte g\u00e9n\u00e9ralement entre 100 \u00a3 et 200 \u00a3 par jour. Les prix varient selon le mois, le mod\u00e8le de camping-car et d&rsquo;autres facteurs. Consultez l&rsquo;outil de comparaison Motorhome [&hellip;]<\/p>\n","protected":false},"author":4,"featured_media":0,"parent":2956,"menu_order":0,"comment_status":"closed","ping_status":"closed","template":"","meta":{"_acf_changed":false,"footnotes":""},"acf":[],"_links":{"self":[{"href":"https:\/\/motorhomechoice.com\/fr\/wp-json\/wp\/v2\/pages\/3098"}],"collection":[{"href":"https:\/\/motorhomechoice.com\/fr\/wp-json\/wp\/v2\/pages"}],"about":[{"href":"https:\/\/motorhomechoice.com\/fr\/wp-json\/wp\/v2\/types\/page"}],"author":[{"embeddable":true,"href":"https:\/\/motorhomechoice.com\/fr\/wp-json\/wp\/v2\/users\/4"}],"replies":[{"embeddable":true,"href":"https:\/\/motorhomechoice.com\/fr\/wp-json\/wp\/v2\/comments?post=3098"}],"version-history":[{"count":2,"href":"https:\/\/motorhomechoice.com\/fr\/wp-json\/wp\/v2\/pages\/3098\/revisions"}],"predecessor-version":[{"id":4403,"href":"https:\/\/motorhomechoice.com\/fr\/wp-json\/wp\/v2\/pages\/3098\/revisions\/4403"}],"up":[{"embeddable":true,"href":"https:\/\/motorhomechoice.com\/fr\/wp-json\/wp\/v2\/pages\/2956"}],"wp:attachment":[{"href":"https:\/\/motorhomechoice.com\/fr\/wp-json\/wp\/v2\/media?parent=3098"}],"curies":[{"name":"wp","href":"https:\/\/api.w.org\/{rel}","templated":true}]}}