{"id":3181,"date":"2023-01-06T04:25:06","date_gmt":"2023-01-06T04:25:06","guid":{"rendered":"https:\/\/motorhomechoice.com\/motorhome-choice\/"},"modified":"2024-06-03T05:34:54","modified_gmt":"2024-06-03T05:34:54","slug":"motorhome-choice","status":"publish","type":"page","link":"https:\/\/motorhomechoice.com\/fr\/","title":{"rendered":"Motorhome Choice"},"content":{"rendered":"\n<div class=\"wp-block-group\"><div class=\"wp-block-group__inner-container is-layout-constrained wp-block-group-is-layout-constrained\">\n<h2 class=\"wp-block-heading\">Pourquoi choisir Motorhome Choice ?<\/h2>\n\n\n\n<div class=\"wp-block-motorhomechoice-benefits\">\n<div class=\"wp-block-motorhomechoice-benefit\"><div class=\"wp-block-motorhomechoice-benefit-left\"><div class=\"wp-block-motorhomechoice-benefit-icon\">\n<figure class=\"wp-block-image size-full\"><img loading=\"lazy\" decoding=\"async\" width=\"46\" height=\"44\" data-src=\"https:\/\/motorhomechoice.com\/wp-content\/uploads\/2022\/11\/icon-motorhome.png\" alt=\"\" class=\"wp-image-148 lazyload\" src=\"data:image\/gif;base64,R0lGODlhAQABAAAAACH5BAEKAAEALAAAAAABAAEAAAICTAEAOw==\" style=\"--smush-placeholder-width: 46px; --smush-placeholder-aspect-ratio: 46\/44;\" \/><noscript><img loading=\"lazy\" decoding=\"async\" width=\"46\" height=\"44\" src=\"https:\/\/motorhomechoice.com\/wp-content\/uploads\/2022\/11\/icon-motorhome.png\" alt=\"\" class=\"wp-image-148\"\/><\/noscript><\/figure>\n<\/div><\/div><div class=\"wp-block-motorhomechoice-benefit-right\"><div class=\"wp-block-motorhomechoice-benefit-title\">L&rsquo;une des plus grandes s\u00e9lections de marques de camping-cars au monde  <\/div><div class=\"wp-block-motorhomechoice-benefit-desc\">Laissez-nous faire le travail difficile de comparer les principales marques de location pour vous trouver les prix les plus bas.<\/div><\/div><\/div>\n\n\n\n<div class=\"wp-block-motorhomechoice-benefit\"><div class=\"wp-block-motorhomechoice-benefit-left\"><div class=\"wp-block-motorhomechoice-benefit-icon\">\n<figure class=\"wp-block-image size-full\"><img loading=\"lazy\" decoding=\"async\" width=\"44\" height=\"44\" data-src=\"https:\/\/motorhomechoice.com\/wp-content\/uploads\/2022\/11\/icon-headphones.png\" alt=\"\" class=\"wp-image-160 lazyload\" src=\"data:image\/gif;base64,R0lGODlhAQABAAAAACH5BAEKAAEALAAAAAABAAEAAAICTAEAOw==\" style=\"--smush-placeholder-width: 44px; --smush-placeholder-aspect-ratio: 44\/44;\" \/><noscript><img loading=\"lazy\" decoding=\"async\" width=\"44\" height=\"44\" src=\"https:\/\/motorhomechoice.com\/wp-content\/uploads\/2022\/11\/icon-headphones.png\" alt=\"\" class=\"wp-image-160\"\/><\/noscript><\/figure>\n<\/div><\/div><div class=\"wp-block-motorhomechoice-benefit-right\"><div class=\"wp-block-motorhomechoice-benefit-title\">\u00c9quipe de support pour la location de camping-cars disponible 24h\/24 et 7j\/7  <\/div><div class=\"wp-block-motorhomechoice-benefit-desc\">Notre \u00e9quipe d&rsquo;experts en location de camping-cars parle plusieurs langues et peut vous aider avec une r\u00e9servation ou une demande d&rsquo;information<\/div><\/div><\/div>\n\n\n\n<div class=\"wp-block-motorhomechoice-benefit\"><div class=\"wp-block-motorhomechoice-benefit-left\"><div class=\"wp-block-motorhomechoice-benefit-icon\">\n<figure class=\"wp-block-image size-full\"><img loading=\"lazy\" decoding=\"async\" width=\"44\" height=\"44\" data-src=\"https:\/\/motorhomechoice.com\/wp-content\/uploads\/2022\/11\/icon-shield.png\" alt=\"\" class=\"wp-image-199 lazyload\" src=\"data:image\/gif;base64,R0lGODlhAQABAAAAACH5BAEKAAEALAAAAAABAAEAAAICTAEAOw==\" style=\"--smush-placeholder-width: 44px; --smush-placeholder-aspect-ratio: 44\/44;\" \/><noscript><img loading=\"lazy\" decoding=\"async\" width=\"44\" height=\"44\" src=\"https:\/\/motorhomechoice.com\/wp-content\/uploads\/2022\/11\/icon-shield.png\" alt=\"\" class=\"wp-image-199\"\/><\/noscript><\/figure>\n<\/div><\/div><div class=\"wp-block-motorhomechoice-benefit-right\"><div class=\"wp-block-motorhomechoice-benefit-title\">Emplacements des d\u00e9p\u00f4ts \u00e0 travers le monde<\/div><div class=\"wp-block-motorhomechoice-benefit-desc\">Nous desservons tous les principaux a\u00e9roports et hubs mondiaux pour un acc\u00e8s facile.<\/div><\/div><\/div>\n\n\n\n<div class=\"wp-block-motorhomechoice-benefit\"><div class=\"wp-block-motorhomechoice-benefit-left\"><div class=\"wp-block-motorhomechoice-benefit-icon\">\n<figure class=\"wp-block-image size-full\"><img loading=\"lazy\" decoding=\"async\" width=\"44\" height=\"44\" data-src=\"https:\/\/motorhomechoice.com\/wp-content\/uploads\/2022\/11\/icon-money.png\" alt=\"\" class=\"wp-image-201 lazyload\" src=\"data:image\/gif;base64,R0lGODlhAQABAAAAACH5BAEKAAEALAAAAAABAAEAAAICTAEAOw==\" style=\"--smush-placeholder-width: 44px; --smush-placeholder-aspect-ratio: 44\/44;\" \/><noscript><img loading=\"lazy\" decoding=\"async\" width=\"44\" height=\"44\" src=\"https:\/\/motorhomechoice.com\/wp-content\/uploads\/2022\/11\/icon-money.png\" alt=\"\" class=\"wp-image-201\"\/><\/noscript><\/figure>\n<\/div><\/div><div class=\"wp-block-motorhomechoice-benefit-right\"><div class=\"wp-block-motorhomechoice-benefit-title\">Pas de frais de r\u00e9servation<\/div><div class=\"wp-block-motorhomechoice-benefit-desc\">En r\u00e9servant avec Motorhome Choice, vous \u00e9vitez les frais de service, vous permettant ainsi d&rsquo;\u00e9conomiser encore plus.<\/div><\/div><\/div>\n<\/div>\n\n\n\n<p><\/p>\n\n\n\n<h2 class=\"wp-block-heading\">Comparez des milliers de locations de camping-cars \u00e0 travers le monde<\/h2>\n\n\n\n<p class=\"is-style-block\">Comparez les locations de camping-cars avec Motorhome Choice. Nous vous offrons l&rsquo;acc\u00e8s \u00e0 des centaines de v\u00e9hicules de grandes soci\u00e9t\u00e9s de location pour vous faciliter et vous simplifier le processus de r\u00e9servation.<\/p>\n<\/div><\/div>\n","protected":false},"excerpt":{"rendered":"<p>Pourquoi choisir Motorhome Choice ? Comparez des milliers de locations de camping-cars \u00e0 travers le monde Comparez les locations de camping-cars avec Motorhome Choice. Nous vous offrons l&rsquo;acc\u00e8s \u00e0 des centaines de v\u00e9hicules de grandes soci\u00e9t\u00e9s de location pour vous faciliter et vous simplifier le processus de r\u00e9servation.<\/p>\n","protected":false},"author":6,"featured_media":0,"parent":0,"menu_order":0,"comment_status":"closed","ping_status":"open","template":"","meta":{"_acf_changed":false,"footnotes":""},"acf":[],"_links":{"self":[{"href":"https:\/\/motorhomechoice.com\/fr\/wp-json\/wp\/v2\/pages\/3181"}],"collection":[{"href":"https:\/\/motorhomechoice.com\/fr\/wp-json\/wp\/v2\/pages"}],"about":[{"href":"https:\/\/motorhomechoice.com\/fr\/wp-json\/wp\/v2\/types\/page"}],"author":[{"embeddable":true,"href":"https:\/\/motorhomechoice.com\/fr\/wp-json\/wp\/v2\/users\/6"}],"replies":[{"embeddable":true,"href":"https:\/\/motorhomechoice.com\/fr\/wp-json\/wp\/v2\/comments?post=3181"}],"version-history":[{"count":1,"href":"https:\/\/motorhomechoice.com\/fr\/wp-json\/wp\/v2\/pages\/3181\/revisions"}],"predecessor-version":[{"id":3195,"href":"https:\/\/motorhomechoice.com\/fr\/wp-json\/wp\/v2\/pages\/3181\/revisions\/3195"}],"wp:attachment":[{"href":"https:\/\/motorhomechoice.com\/fr\/wp-json\/wp\/v2\/media?parent=3181"}],"curies":[{"name":"wp","href":"https:\/\/api.w.org\/{rel}","templated":true}]}}