{"id":2459,"date":"2023-01-06T04:25:06","date_gmt":"2023-01-06T04:25:06","guid":{"rendered":"https:\/\/motorhomechoice.com\/motorhome-choice\/"},"modified":"2024-06-03T05:37:50","modified_gmt":"2024-06-03T05:37:50","slug":"motorhome-choice","status":"publish","type":"page","link":"https:\/\/motorhomechoice.com\/pl\/","title":{"rendered":"Motorhome Choice"},"content":{"rendered":"\n<div class=\"wp-block-group\"><div class=\"wp-block-group__inner-container is-layout-constrained wp-block-group-is-layout-constrained\">\n<h2 class=\"wp-block-heading\">Dlaczego warto korzysta\u0107 z Motorhome Choice?<\/h2>\n\n\n\n<div class=\"wp-block-motorhomechoice-benefits\">\n<div class=\"wp-block-motorhomechoice-benefit\"><div class=\"wp-block-motorhomechoice-benefit-left\"><div class=\"wp-block-motorhomechoice-benefit-icon\">\n<figure class=\"wp-block-image size-full\"><img loading=\"lazy\" decoding=\"async\" width=\"46\" height=\"44\" data-src=\"https:\/\/motorhomechoice.com\/wp-content\/uploads\/2022\/11\/icon-motorhome.png\" alt=\"\" class=\"wp-image-148 lazyload\" src=\"data:image\/gif;base64,R0lGODlhAQABAAAAACH5BAEKAAEALAAAAAABAAEAAAICTAEAOw==\" style=\"--smush-placeholder-width: 46px; --smush-placeholder-aspect-ratio: 46\/44;\" \/><noscript><img loading=\"lazy\" decoding=\"async\" width=\"46\" height=\"44\" src=\"https:\/\/motorhomechoice.com\/wp-content\/uploads\/2022\/11\/icon-motorhome.png\" alt=\"\" class=\"wp-image-148\"\/><\/noscript><\/figure>\n<\/div><\/div><div class=\"wp-block-motorhomechoice-benefit-right\"><div class=\"wp-block-motorhomechoice-benefit-title\">Jedna z najwi\u0119kszych na \u015bwiecie ofert marek kamper\u00f3w<\/div><div class=\"wp-block-motorhomechoice-benefit-desc\">Pozw\u00f3l nam wykona\u0107 ci\u0119\u017ck\u0105 prac\u0119 por\u00f3wnywania g\u0142\u00f3wnych marek wynajmu, aby znale\u017a\u0107 dla Ciebie najni\u017csze ceny<\/div><\/div><\/div>\n\n\n\n<div class=\"wp-block-motorhomechoice-benefit\"><div class=\"wp-block-motorhomechoice-benefit-left\"><div class=\"wp-block-motorhomechoice-benefit-icon\">\n<figure class=\"wp-block-image size-full\"><img loading=\"lazy\" decoding=\"async\" width=\"44\" height=\"44\" data-src=\"https:\/\/motorhomechoice.com\/wp-content\/uploads\/2022\/11\/icon-headphones.png\" alt=\"\" class=\"wp-image-160 lazyload\" src=\"data:image\/gif;base64,R0lGODlhAQABAAAAACH5BAEKAAEALAAAAAABAAEAAAICTAEAOw==\" style=\"--smush-placeholder-width: 44px; --smush-placeholder-aspect-ratio: 44\/44;\" \/><noscript><img loading=\"lazy\" decoding=\"async\" width=\"44\" height=\"44\" src=\"https:\/\/motorhomechoice.com\/wp-content\/uploads\/2022\/11\/icon-headphones.png\" alt=\"\" class=\"wp-image-160\"\/><\/noscript><\/figure>\n<\/div><\/div><div class=\"wp-block-motorhomechoice-benefit-right\"><div class=\"wp-block-motorhomechoice-benefit-title\">Zesp\u00f3\u0142 wsparcia wynajmu kamper\u00f3w dost\u0119pny 24\/7<\/div><div class=\"wp-block-motorhomechoice-benefit-desc\">Nasz do\u015bwiadczony zesp\u00f3\u0142 wynajmu kamper\u00f3w m\u00f3wi w wielu j\u0119zykach i mo\u017ce pom\u00f3c w rezerwacji lub odpowiedzie\u0107 na Twoje pytania.<\/div><\/div><\/div>\n\n\n\n<div class=\"wp-block-motorhomechoice-benefit\"><div class=\"wp-block-motorhomechoice-benefit-left\"><div class=\"wp-block-motorhomechoice-benefit-icon\">\n<figure class=\"wp-block-image size-full\"><img loading=\"lazy\" decoding=\"async\" width=\"44\" height=\"44\" data-src=\"https:\/\/motorhomechoice.com\/wp-content\/uploads\/2022\/11\/icon-shield.png\" alt=\"\" class=\"wp-image-199 lazyload\" src=\"data:image\/gif;base64,R0lGODlhAQABAAAAACH5BAEKAAEALAAAAAABAAEAAAICTAEAOw==\" style=\"--smush-placeholder-width: 44px; --smush-placeholder-aspect-ratio: 44\/44;\" \/><noscript><img loading=\"lazy\" decoding=\"async\" width=\"44\" height=\"44\" src=\"https:\/\/motorhomechoice.com\/wp-content\/uploads\/2022\/11\/icon-shield.png\" alt=\"\" class=\"wp-image-199\"\/><\/noscript><\/figure>\n<\/div><\/div><div class=\"wp-block-motorhomechoice-benefit-right\"><div class=\"wp-block-motorhomechoice-benefit-title\">Lokalizacje wypo\u017cyczalni na ca\u0142ym \u015bwiecie<\/div><div class=\"wp-block-motorhomechoice-benefit-desc\">Obs\u0142ugujemy wszystkie g\u0142\u00f3wne lotniska i centra komunikacyjne, zapewniaj\u0105c \u0142atwy dost\u0119p<\/div><\/div><\/div>\n\n\n\n<div class=\"wp-block-motorhomechoice-benefit\"><div class=\"wp-block-motorhomechoice-benefit-left\"><div class=\"wp-block-motorhomechoice-benefit-icon\">\n<figure class=\"wp-block-image size-full\"><img loading=\"lazy\" decoding=\"async\" width=\"44\" height=\"44\" data-src=\"https:\/\/motorhomechoice.com\/wp-content\/uploads\/2022\/11\/icon-money.png\" alt=\"\" class=\"wp-image-201 lazyload\" src=\"data:image\/gif;base64,R0lGODlhAQABAAAAACH5BAEKAAEALAAAAAABAAEAAAICTAEAOw==\" style=\"--smush-placeholder-width: 44px; --smush-placeholder-aspect-ratio: 44\/44;\" \/><noscript><img loading=\"lazy\" decoding=\"async\" width=\"44\" height=\"44\" src=\"https:\/\/motorhomechoice.com\/wp-content\/uploads\/2022\/11\/icon-money.png\" alt=\"\" class=\"wp-image-201\"\/><\/noscript><\/figure>\n<\/div><\/div><div class=\"wp-block-motorhomechoice-benefit-right\"><div class=\"wp-block-motorhomechoice-benefit-title\">Brak Op\u0142at Rezerwacyjnych<\/div><div class=\"wp-block-motorhomechoice-benefit-desc\">Rezerwuj\u0105c przez Motorhome Choice, omijasz op\u0142at\u0119 serwisow\u0105 za rezerwacj\u0119, co pozwala Ci zaoszcz\u0119dzi\u0107 jeszcze wi\u0119cej.<\/div><\/div><\/div>\n<\/div>\n\n\n\n<h2 class=\"wp-block-heading\">Por\u00f3wnaj tysi\u0105ce wynajm\u00f3w kamper\u00f3w na ca\u0142ym \u015bwiecie<\/h2>\n\n\n\n<p class=\"is-style-block\">Por\u00f3wnaj wynajem kamper\u00f3w z Motorhome Choice. Oferujemy dost\u0119p do setek kamper\u00f3w od najlepszych firm wynajmu, co sprawia, \u017ce proces rezerwacji jest szybki i prosty.<\/p>\n<\/div><\/div>\n","protected":false},"excerpt":{"rendered":"<p>Dlaczego warto korzysta\u0107 z Motorhome Choice? Por\u00f3wnaj tysi\u0105ce wynajm\u00f3w kamper\u00f3w na ca\u0142ym \u015bwiecie Por\u00f3wnaj wynajem kamper\u00f3w z Motorhome Choice. Oferujemy dost\u0119p do setek kamper\u00f3w od najlepszych firm wynajmu, co sprawia, \u017ce proces rezerwacji jest szybki i prosty.<\/p>\n","protected":false},"author":2,"featured_media":0,"parent":0,"menu_order":0,"comment_status":"closed","ping_status":"open","template":"","meta":{"_acf_changed":false,"footnotes":""},"acf":[],"_links":{"self":[{"href":"https:\/\/motorhomechoice.com\/pl\/wp-json\/wp\/v2\/pages\/2459"}],"collection":[{"href":"https:\/\/motorhomechoice.com\/pl\/wp-json\/wp\/v2\/pages"}],"about":[{"href":"https:\/\/motorhomechoice.com\/pl\/wp-json\/wp\/v2\/types\/page"}],"author":[{"embeddable":true,"href":"https:\/\/motorhomechoice.com\/pl\/wp-json\/wp\/v2\/users\/2"}],"replies":[{"embeddable":true,"href":"https:\/\/motorhomechoice.com\/pl\/wp-json\/wp\/v2\/comments?post=2459"}],"version-history":[{"count":1,"href":"https:\/\/motorhomechoice.com\/pl\/wp-json\/wp\/v2\/pages\/2459\/revisions"}],"predecessor-version":[{"id":2460,"href":"https:\/\/motorhomechoice.com\/pl\/wp-json\/wp\/v2\/pages\/2459\/revisions\/2460"}],"wp:attachment":[{"href":"https:\/\/motorhomechoice.com\/pl\/wp-json\/wp\/v2\/media?parent=2459"}],"curies":[{"name":"wp","href":"https:\/\/api.w.org\/{rel}","templated":true}]}}