{"id":2562,"date":"2024-01-15T10:02:39","date_gmt":"2024-01-15T10:02:39","guid":{"rendered":"https:\/\/motorhomechoice.com\/canada\/montreal\/"},"modified":"2024-10-21T03:15:25","modified_gmt":"2024-10-21T03:15:25","slug":"montreal","status":"publish","type":"page","link":"https:\/\/motorhomechoice.com\/pl\/kanada\/montreal\/","title":{"rendered":"Montreal"},"content":{"rendered":"\n<div class=\"wp-block-group\"><div class=\"wp-block-group__inner-container is-layout-constrained wp-block-group-is-layout-constrained\">\n<h2 class=\"wp-block-heading\">Dlaczego warto korzysta\u0107 z Motorhome Choice?<\/h2>\n\n\n\n<div class=\"wp-block-motorhomechoice-benefits\">\n<div class=\"wp-block-motorhomechoice-benefit\"><div class=\"wp-block-motorhomechoice-benefit-left\"><div class=\"wp-block-motorhomechoice-benefit-icon\">\n<figure class=\"wp-block-image size-full\"><img loading=\"lazy\" decoding=\"async\" width=\"46\" height=\"44\" data-src=\"https:\/\/motorhomechoice.com\/wp-content\/uploads\/2022\/11\/icon-motorhome.png\" alt=\"\" class=\"wp-image-148 lazyload\" src=\"data:image\/gif;base64,R0lGODlhAQABAAAAACH5BAEKAAEALAAAAAABAAEAAAICTAEAOw==\" style=\"--smush-placeholder-width: 46px; --smush-placeholder-aspect-ratio: 46\/44;\" \/><noscript><img loading=\"lazy\" decoding=\"async\" width=\"46\" height=\"44\" src=\"https:\/\/motorhomechoice.com\/wp-content\/uploads\/2022\/11\/icon-motorhome.png\" alt=\"\" class=\"wp-image-148\"\/><\/noscript><\/figure>\n<\/div><\/div><div class=\"wp-block-motorhomechoice-benefit-right\"><div class=\"wp-block-motorhomechoice-benefit-title\">Jedna z najwi\u0119kszych na \u015bwiecie ofert marek kamper\u00f3w<\/div><div class=\"wp-block-motorhomechoice-benefit-desc\">Pozw\u00f3l nam wykona\u0107 ci\u0119\u017ck\u0105 prac\u0119 por\u00f3wnywania g\u0142\u00f3wnych marek wynajmu, aby znale\u017a\u0107 dla Ciebie najni\u017csze ceny<\/div><\/div><\/div>\n\n\n\n<div class=\"wp-block-motorhomechoice-benefit\"><div class=\"wp-block-motorhomechoice-benefit-left\"><div class=\"wp-block-motorhomechoice-benefit-icon\">\n<figure class=\"wp-block-image size-full\"><img loading=\"lazy\" decoding=\"async\" width=\"44\" height=\"44\" data-src=\"https:\/\/motorhomechoice.com\/wp-content\/uploads\/2022\/11\/icon-headphones.png\" alt=\"\" class=\"wp-image-160 lazyload\" src=\"data:image\/gif;base64,R0lGODlhAQABAAAAACH5BAEKAAEALAAAAAABAAEAAAICTAEAOw==\" style=\"--smush-placeholder-width: 44px; --smush-placeholder-aspect-ratio: 44\/44;\" \/><noscript><img loading=\"lazy\" decoding=\"async\" width=\"44\" height=\"44\" src=\"https:\/\/motorhomechoice.com\/wp-content\/uploads\/2022\/11\/icon-headphones.png\" alt=\"\" class=\"wp-image-160\"\/><\/noscript><\/figure>\n<\/div><\/div><div class=\"wp-block-motorhomechoice-benefit-right\"><div class=\"wp-block-motorhomechoice-benefit-title\">Zesp\u00f3\u0142 wsparcia wynajmu kamper\u00f3w dost\u0119pny 24\/7<\/div><div class=\"wp-block-motorhomechoice-benefit-desc\">Nasz do\u015bwiadczony zesp\u00f3\u0142 wynajmu kamper\u00f3w m\u00f3wi w wielu j\u0119zykach i mo\u017ce pom\u00f3c w rezerwacji lub odpowiedzie\u0107 na Twoje pytania.<\/div><\/div><\/div>\n\n\n\n<div class=\"wp-block-motorhomechoice-benefit\"><div class=\"wp-block-motorhomechoice-benefit-left\"><div class=\"wp-block-motorhomechoice-benefit-icon\">\n<figure class=\"wp-block-image size-full\"><img loading=\"lazy\" decoding=\"async\" width=\"44\" height=\"44\" data-src=\"https:\/\/motorhomechoice.com\/wp-content\/uploads\/2022\/11\/icon-shield.png\" alt=\"\" class=\"wp-image-199 lazyload\" src=\"data:image\/gif;base64,R0lGODlhAQABAAAAACH5BAEKAAEALAAAAAABAAEAAAICTAEAOw==\" style=\"--smush-placeholder-width: 44px; --smush-placeholder-aspect-ratio: 44\/44;\" \/><noscript><img loading=\"lazy\" decoding=\"async\" width=\"44\" height=\"44\" src=\"https:\/\/motorhomechoice.com\/wp-content\/uploads\/2022\/11\/icon-shield.png\" alt=\"\" class=\"wp-image-199\"\/><\/noscript><\/figure>\n<\/div><\/div><div class=\"wp-block-motorhomechoice-benefit-right\"><div class=\"wp-block-motorhomechoice-benefit-title\">Lokalizacje wypo\u017cyczalni na ca\u0142ym \u015bwiecie<\/div><div class=\"wp-block-motorhomechoice-benefit-desc\">Obs\u0142ugujemy wszystkie g\u0142\u00f3wne lotniska i centra komunikacyjne, zapewniaj\u0105c \u0142atwy dost\u0119p<\/div><\/div><\/div>\n\n\n\n<div class=\"wp-block-motorhomechoice-benefit\"><div class=\"wp-block-motorhomechoice-benefit-left\"><div class=\"wp-block-motorhomechoice-benefit-icon\">\n<figure class=\"wp-block-image size-full\"><img loading=\"lazy\" decoding=\"async\" width=\"44\" height=\"44\" data-src=\"https:\/\/motorhomechoice.com\/wp-content\/uploads\/2022\/11\/icon-money.png\" alt=\"\" class=\"wp-image-201 lazyload\" src=\"data:image\/gif;base64,R0lGODlhAQABAAAAACH5BAEKAAEALAAAAAABAAEAAAICTAEAOw==\" style=\"--smush-placeholder-width: 44px; --smush-placeholder-aspect-ratio: 44\/44;\" \/><noscript><img loading=\"lazy\" decoding=\"async\" width=\"44\" height=\"44\" src=\"https:\/\/motorhomechoice.com\/wp-content\/uploads\/2022\/11\/icon-money.png\" alt=\"\" class=\"wp-image-201\"\/><\/noscript><\/figure>\n<\/div><\/div><div class=\"wp-block-motorhomechoice-benefit-right\"><div class=\"wp-block-motorhomechoice-benefit-title\">Brak Op\u0142at Rezerwacyjnych<\/div><div class=\"wp-block-motorhomechoice-benefit-desc\">Rezerwuj\u0105c przez Motorhome Choice, omijasz op\u0142at\u0119 serwisow\u0105 za rezerwacj\u0119, co pozwala Ci zaoszcz\u0119dzi\u0107 jeszcze wi\u0119cej.<\/div><\/div><\/div>\n<\/div>\n<\/div><\/div>\n\n\n\n<div class=\"wp-block-group\"><div class=\"wp-block-group__inner-container is-layout-constrained wp-block-group-is-layout-constrained\">\n<h2 class=\"wp-block-heading\"><strong>Wynajem kamper\u00f3w w Kanada<\/strong><\/h2>\n\n\n\n<div class=\"wp-block-group is-content-justification-space-between is-nowrap is-layout-flex wp-container-core-group-is-layout-2 wp-block-group-is-layout-flex\">\n<ul>\n<li><a href=\"https:\/\/motorhomechoice.com\/pl\/canada\/\">Kanada<\/a><\/li>\n\n\n\n<li><a href=\"https:\/\/motorhomechoice.com\/pl\/canada\/calgary\/\">Calgary<\/a><\/li>\n<\/ul>\n\n\n\n<ul>\n<li><a href=\"https:\/\/motorhomechoice.com\/pl\/canada\/edmonton\/\">Edmonton<\/a><\/li>\n\n\n\n<li><a href=\"https:\/\/motorhomechoice.com\/pl\/canada\/toronto\/\">Toronto<\/a><\/li>\n<\/ul>\n\n\n\n<ul>\n<li><a href=\"https:\/\/motorhomechoice.com\/pl\/canada\/vancouver\/\">Vancouver<\/a><\/li>\n<\/ul>\n<\/div>\n<\/div><\/div>\n\n\n\n<div class=\"wp-block-group\"><div class=\"wp-block-group__inner-container is-layout-constrained wp-block-group-is-layout-constrained\">\n<h2 class=\"wp-block-heading\">Najcz\u0119\u015bciej zadawane pytania<\/h2>\n\n\n\n<h3 class=\"wp-block-heading\">Ile kosztuje wynaj\u0119cie kampera w Kanadzie?<\/h3>\n\n\n\n<p>Chocia\u017c ceny mog\u0105 si\u0119 znacznie r\u00f3\u017cni\u0107, wi\u0119kszo\u015b\u0107 podr\u00f3\u017cnik\u00f3w p\u0142aci od 200 do 400 CAD dziennie. Na stawki mog\u0105 wp\u0142ywa\u0107:<\/p>\n\n\n\n<ul>\n<li>Rozmiar kampera<\/li>\n\n\n\n<li>Wiek pojazdu<\/li>\n\n\n\n<li>Wyposa\u017cenie<\/li>\n\n\n\n<li>Pora roku<\/li>\n<\/ul>\n\n\n\n<p>Niekt\u00f3re marki oferuj\u0105 r\u00f3wnie\u017c zni\u017cki dla wczesnych rezerwacji lub inne sezonowe promocje. Mo\u017cesz \u0142atwo por\u00f3wna\u0107 ceny i oferty za pomoc\u0105 naszego narz\u0119dzia wyszukiwania.<\/p>\n\n\n\n<h3 class=\"wp-block-heading\">Czy kanadyjskie kampery maj\u0105 nielimitowane kilometry?<\/h3>\n\n\n\n<p>W przeciwie\u0144stwie do Australii i Nowej Zelandii, wi\u0119kszo\u015b\u0107 firm wynajmuj\u0105cych kampery w Kanadzie nak\u0142ada limity na przejechane kilometry, po kt\u00f3rych naliczana jest dodatkowa op\u0142ata za ka\u017cdy kilometr. Istnieje r\u00f3wnie\u017c mo\u017cliwo\u015b\u0107 zakupu pakiet\u00f3w kilometr\u00f3w z g\u00f3ry.<\/p>\n\n\n\n<h3 class=\"wp-block-heading\">Czy mo\u017cliwy jest wynajem w jedn\u0105 stron\u0119?<\/h3>\n\n\n\n<p>Tak! Popularne trasy w jedn\u0105 stron\u0119 to mi\u0119dzy innymi podr\u00f3\u017ce przez ca\u0142y kraj z Vancouver do Montrealu, z Calgary do Vancouver i z Toronto do Montrealu.<\/p>\n\n\n\n<p>Niekt\u00f3re firmy umo\u017cliwiaj\u0105 r\u00f3wnie\u017c podr\u00f3\u017ce w jedn\u0105 stron\u0119 mi\u0119dzy Kanad\u0105 a USA.<\/p>\n<\/div><\/div>\n","protected":false},"excerpt":{"rendered":"<p>Dlaczego warto korzysta\u0107 z Motorhome Choice? Wynajem kamper\u00f3w w Kanada Najcz\u0119\u015bciej zadawane pytania Ile kosztuje wynaj\u0119cie kampera w Kanadzie? Chocia\u017c ceny mog\u0105 si\u0119 znacznie r\u00f3\u017cni\u0107, wi\u0119kszo\u015b\u0107 podr\u00f3\u017cnik\u00f3w p\u0142aci od 200 do 400 CAD dziennie. Na stawki mog\u0105 wp\u0142ywa\u0107: Niekt\u00f3re marki oferuj\u0105 r\u00f3wnie\u017c zni\u017cki dla wczesnych rezerwacji lub inne sezonowe promocje. Mo\u017cesz \u0142atwo por\u00f3wna\u0107 ceny i [&hellip;]<\/p>\n","protected":false},"author":3,"featured_media":0,"parent":2556,"menu_order":0,"comment_status":"closed","ping_status":"closed","template":"","meta":{"_acf_changed":false,"footnotes":""},"acf":[],"_links":{"self":[{"href":"https:\/\/motorhomechoice.com\/pl\/wp-json\/wp\/v2\/pages\/2562"}],"collection":[{"href":"https:\/\/motorhomechoice.com\/pl\/wp-json\/wp\/v2\/pages"}],"about":[{"href":"https:\/\/motorhomechoice.com\/pl\/wp-json\/wp\/v2\/types\/page"}],"author":[{"embeddable":true,"href":"https:\/\/motorhomechoice.com\/pl\/wp-json\/wp\/v2\/users\/3"}],"replies":[{"embeddable":true,"href":"https:\/\/motorhomechoice.com\/pl\/wp-json\/wp\/v2\/comments?post=2562"}],"version-history":[{"count":2,"href":"https:\/\/motorhomechoice.com\/pl\/wp-json\/wp\/v2\/pages\/2562\/revisions"}],"predecessor-version":[{"id":4265,"href":"https:\/\/motorhomechoice.com\/pl\/wp-json\/wp\/v2\/pages\/2562\/revisions\/4265"}],"up":[{"embeddable":true,"href":"https:\/\/motorhomechoice.com\/pl\/wp-json\/wp\/v2\/pages\/2556"}],"wp:attachment":[{"href":"https:\/\/motorhomechoice.com\/pl\/wp-json\/wp\/v2\/media?parent=2562"}],"curies":[{"name":"wp","href":"https:\/\/api.w.org\/{rel}","templated":true}]}}