{"id":2586,"date":"2024-01-18T01:06:59","date_gmt":"2024-01-18T01:06:59","guid":{"rendered":"https:\/\/motorhomechoice.com\/uk\/scotland\/"},"modified":"2024-10-22T00:08:59","modified_gmt":"2024-10-22T00:08:59","slug":"szkocja","status":"publish","type":"page","link":"https:\/\/motorhomechoice.com\/pl\/uk\/szkocja\/","title":{"rendered":"Szkocja"},"content":{"rendered":"\n<div class=\"wp-block-group\"><div class=\"wp-block-group__inner-container is-layout-constrained wp-block-group-is-layout-constrained\">\n<h2 class=\"wp-block-heading\">Dlaczego warto korzysta\u0107 z Motorhome Choice?<\/h2>\n\n\n\n<div class=\"wp-block-motorhomechoice-benefits\">\n<div class=\"wp-block-motorhomechoice-benefit\"><div class=\"wp-block-motorhomechoice-benefit-left\"><div class=\"wp-block-motorhomechoice-benefit-icon\">\n<figure class=\"wp-block-image size-full\"><img loading=\"lazy\" decoding=\"async\" width=\"46\" height=\"44\" data-src=\"https:\/\/motorhomechoice.com\/wp-content\/uploads\/2022\/11\/icon-motorhome.png\" alt=\"\" class=\"wp-image-148 lazyload\" src=\"data:image\/gif;base64,R0lGODlhAQABAAAAACH5BAEKAAEALAAAAAABAAEAAAICTAEAOw==\" style=\"--smush-placeholder-width: 46px; --smush-placeholder-aspect-ratio: 46\/44;\" \/><noscript><img loading=\"lazy\" decoding=\"async\" width=\"46\" height=\"44\" src=\"https:\/\/motorhomechoice.com\/wp-content\/uploads\/2022\/11\/icon-motorhome.png\" alt=\"\" class=\"wp-image-148\"\/><\/noscript><\/figure>\n<\/div><\/div><div class=\"wp-block-motorhomechoice-benefit-right\"><div class=\"wp-block-motorhomechoice-benefit-title\">Jedna z najwi\u0119kszych na \u015bwiecie ofert marek kamper\u00f3w<\/div><div class=\"wp-block-motorhomechoice-benefit-desc\">Pozw\u00f3l nam wykona\u0107 ci\u0119\u017ck\u0105 prac\u0119 por\u00f3wnywania g\u0142\u00f3wnych marek wynajmu, aby znale\u017a\u0107 dla Ciebie najni\u017csze ceny<\/div><\/div><\/div>\n\n\n\n<div class=\"wp-block-motorhomechoice-benefit\"><div class=\"wp-block-motorhomechoice-benefit-left\"><div class=\"wp-block-motorhomechoice-benefit-icon\">\n<figure class=\"wp-block-image size-full\"><img loading=\"lazy\" decoding=\"async\" width=\"44\" height=\"44\" data-src=\"https:\/\/motorhomechoice.com\/wp-content\/uploads\/2022\/11\/icon-headphones.png\" alt=\"\" class=\"wp-image-160 lazyload\" src=\"data:image\/gif;base64,R0lGODlhAQABAAAAACH5BAEKAAEALAAAAAABAAEAAAICTAEAOw==\" style=\"--smush-placeholder-width: 44px; --smush-placeholder-aspect-ratio: 44\/44;\" \/><noscript><img loading=\"lazy\" decoding=\"async\" width=\"44\" height=\"44\" src=\"https:\/\/motorhomechoice.com\/wp-content\/uploads\/2022\/11\/icon-headphones.png\" alt=\"\" class=\"wp-image-160\"\/><\/noscript><\/figure>\n<\/div><\/div><div class=\"wp-block-motorhomechoice-benefit-right\"><div class=\"wp-block-motorhomechoice-benefit-title\">Zesp\u00f3\u0142 wsparcia wynajmu kamper\u00f3w dost\u0119pny 24\/7<\/div><div class=\"wp-block-motorhomechoice-benefit-desc\">Nasz do\u015bwiadczony zesp\u00f3\u0142 wynajmu kamper\u00f3w m\u00f3wi w wielu j\u0119zykach i mo\u017ce pom\u00f3c w rezerwacji lub odpowiedzie\u0107 na Twoje pytania.<\/div><\/div><\/div>\n\n\n\n<div class=\"wp-block-motorhomechoice-benefit\"><div class=\"wp-block-motorhomechoice-benefit-left\"><div class=\"wp-block-motorhomechoice-benefit-icon\">\n<figure class=\"wp-block-image size-full\"><img loading=\"lazy\" decoding=\"async\" width=\"44\" height=\"44\" data-src=\"https:\/\/motorhomechoice.com\/wp-content\/uploads\/2022\/11\/icon-shield.png\" alt=\"\" class=\"wp-image-199 lazyload\" src=\"data:image\/gif;base64,R0lGODlhAQABAAAAACH5BAEKAAEALAAAAAABAAEAAAICTAEAOw==\" style=\"--smush-placeholder-width: 44px; --smush-placeholder-aspect-ratio: 44\/44;\" \/><noscript><img loading=\"lazy\" decoding=\"async\" width=\"44\" height=\"44\" src=\"https:\/\/motorhomechoice.com\/wp-content\/uploads\/2022\/11\/icon-shield.png\" alt=\"\" class=\"wp-image-199\"\/><\/noscript><\/figure>\n<\/div><\/div><div class=\"wp-block-motorhomechoice-benefit-right\"><div class=\"wp-block-motorhomechoice-benefit-title\">Lokalizacje wypo\u017cyczalni na ca\u0142ym \u015bwiecie<\/div><div class=\"wp-block-motorhomechoice-benefit-desc\">Obs\u0142ugujemy wszystkie g\u0142\u00f3wne lotniska i centra komunikacyjne, zapewniaj\u0105c \u0142atwy dost\u0119p<\/div><\/div><\/div>\n\n\n\n<div class=\"wp-block-motorhomechoice-benefit\"><div class=\"wp-block-motorhomechoice-benefit-left\"><div class=\"wp-block-motorhomechoice-benefit-icon\">\n<figure class=\"wp-block-image size-full\"><img loading=\"lazy\" decoding=\"async\" width=\"44\" height=\"44\" data-src=\"https:\/\/motorhomechoice.com\/wp-content\/uploads\/2022\/11\/icon-money.png\" alt=\"\" class=\"wp-image-201 lazyload\" src=\"data:image\/gif;base64,R0lGODlhAQABAAAAACH5BAEKAAEALAAAAAABAAEAAAICTAEAOw==\" style=\"--smush-placeholder-width: 44px; --smush-placeholder-aspect-ratio: 44\/44;\" \/><noscript><img loading=\"lazy\" decoding=\"async\" width=\"44\" height=\"44\" src=\"https:\/\/motorhomechoice.com\/wp-content\/uploads\/2022\/11\/icon-money.png\" alt=\"\" class=\"wp-image-201\"\/><\/noscript><\/figure>\n<\/div><\/div><div class=\"wp-block-motorhomechoice-benefit-right\"><div class=\"wp-block-motorhomechoice-benefit-title\">Brak Op\u0142at Rezerwacyjnych<\/div><div class=\"wp-block-motorhomechoice-benefit-desc\">Rezerwuj\u0105c przez Motorhome Choice, omijasz op\u0142at\u0119 serwisow\u0105 za rezerwacj\u0119, co pozwala Ci zaoszcz\u0119dzi\u0107 jeszcze wi\u0119cej.<\/div><\/div><\/div>\n<\/div>\n<\/div><\/div>\n\n\n\n<div class=\"wp-block-group\"><div class=\"wp-block-group__inner-container is-layout-constrained wp-block-group-is-layout-constrained\">\n<h2 class=\"wp-block-heading\">Wynajem kamper\u00f3w w Wielkiej Brytanii<\/h2>\n\n\n\n<div class=\"wp-block-group is-content-justification-space-between is-nowrap is-layout-flex wp-container-core-group-is-layout-2 wp-block-group-is-layout-flex\">\n<ul>\n<li><a href=\"https:\/\/motorhomechoice.com\/pl\/uk\/\">Wielka Brytania<\/a><\/li>\n<\/ul>\n\n\n\n<ul>\n<li><a href=\"https:\/\/motorhomechoice.com\/pl\/uk\/edinburgh\/\">Edynburg<\/a><\/li>\n<\/ul>\n\n\n\n<ul>\n<li><a href=\"https:\/\/motorhomechoice.com\/pl\/uk\/glasgow\/\">Glasgow<\/a><\/li>\n<\/ul>\n\n\n\n<ul>\n<li><a href=\"https:\/\/motorhomechoice.com\/pl\/uk\/london\/\">Londyn<\/a><\/li>\n<\/ul>\n<\/div>\n<\/div><\/div>\n\n\n\n<div class=\"wp-block-group\"><div class=\"wp-block-group__inner-container is-layout-constrained wp-block-group-is-layout-constrained\">\n<h2 class=\"wp-block-heading\">Najcz\u0119\u015bciej zadawane pytania<\/h2>\n\n\n\n<h3 class=\"wp-block-heading\">Ile kosztuje wynajem kampera w Szkocji?<\/h3>\n\n\n\n<p>Wynajem kampera w Szkocji zazwyczaj kosztuje od \u00a350 do \u00a3150 za dzie\u0144.<\/p>\n\n\n\n<p>Ceny r\u00f3\u017cni\u0105 si\u0119 w zale\u017cno\u015bci od sezonu, modelu kampera i innych czynnik\u00f3w. Skorzystaj z narz\u0119dzia por\u00f3wnawczego Motorhome Choice, aby uzyska\u0107 szczeg\u00f3\u0142owe stawki.<\/p>\n<\/div><\/div>\n\n\n\n<p><\/p>\n","protected":false},"excerpt":{"rendered":"<p>Dlaczego warto korzysta\u0107 z Motorhome Choice? Wynajem kamper\u00f3w w Wielkiej Brytanii Najcz\u0119\u015bciej zadawane pytania Ile kosztuje wynajem kampera w Szkocji? Wynajem kampera w Szkocji zazwyczaj kosztuje od \u00a350 do \u00a3150 za dzie\u0144. Ceny r\u00f3\u017cni\u0105 si\u0119 w zale\u017cno\u015bci od sezonu, modelu kampera i innych czynnik\u00f3w. Skorzystaj z narz\u0119dzia por\u00f3wnawczego Motorhome Choice, aby uzyska\u0107 szczeg\u00f3\u0142owe stawki.<\/p>\n","protected":false},"author":4,"featured_media":0,"parent":2578,"menu_order":0,"comment_status":"closed","ping_status":"closed","template":"","meta":{"_acf_changed":false,"footnotes":""},"acf":[],"_links":{"self":[{"href":"https:\/\/motorhomechoice.com\/pl\/wp-json\/wp\/v2\/pages\/2586"}],"collection":[{"href":"https:\/\/motorhomechoice.com\/pl\/wp-json\/wp\/v2\/pages"}],"about":[{"href":"https:\/\/motorhomechoice.com\/pl\/wp-json\/wp\/v2\/types\/page"}],"author":[{"embeddable":true,"href":"https:\/\/motorhomechoice.com\/pl\/wp-json\/wp\/v2\/users\/4"}],"replies":[{"embeddable":true,"href":"https:\/\/motorhomechoice.com\/pl\/wp-json\/wp\/v2\/comments?post=2586"}],"version-history":[{"count":3,"href":"https:\/\/motorhomechoice.com\/pl\/wp-json\/wp\/v2\/pages\/2586\/revisions"}],"predecessor-version":[{"id":4440,"href":"https:\/\/motorhomechoice.com\/pl\/wp-json\/wp\/v2\/pages\/2586\/revisions\/4440"}],"up":[{"embeddable":true,"href":"https:\/\/motorhomechoice.com\/pl\/wp-json\/wp\/v2\/pages\/2578"}],"wp:attachment":[{"href":"https:\/\/motorhomechoice.com\/pl\/wp-json\/wp\/v2\/media?parent=2586"}],"curies":[{"name":"wp","href":"https:\/\/api.w.org\/{rel}","templated":true}]}}